{"id":3534,"date":"2025-08-06T08:30:54","date_gmt":"2025-08-06T08:30:54","guid":{"rendered":"https:\/\/campingsanvicente.com\/bungalows-4-6\/"},"modified":"2026-02-12T12:45:22","modified_gmt":"2026-02-12T12:45:22","slug":"bungalows-4-6","status":"publish","type":"page","link":"https:\/\/campingsanvicente.com\/de\/bungalows-4-6\/","title":{"rendered":"Bungalows 4\/6"},"content":{"rendered":"\t\t<div data-elementor-type=\"wp-page\" data-elementor-id=\"3534\" class=\"elementor elementor-3534 elementor-1645\" data-elementor-post-type=\"page\">\n\t\t\t\t<div class=\"elementor-element elementor-element-579794b e-con-full e-flex wpr-particle-no wpr-jarallax-no wpr-parallax-no wpr-sticky-section-no e-con e-parent\" data-id=\"579794b\" data-element_type=\"container\">\n\t\t\t\t<div class=\"elementor-element elementor-element-4230e12 elementor-widget elementor-widget-text-editor\" data-id=\"4230e12\" data-element_type=\"widget\" data-widget_type=\"text-editor.default\">\n\t\t\t\t\t\t\t\t\t\t\t<div data-elementor-type=\"section\" data-elementor-id=\"2722\" class=\"elementor elementor-2722\" data-elementor-post-type=\"elementor_library\">\n\t\t\t\t\t<section class=\"elementor-section elementor-top-section elementor-element elementor-element-46f5c90c elementor-section-height-min-height elementor-section-boxed elementor-section-height-default elementor-section-items-middle wpr-particle-no wpr-jarallax-no wpr-parallax-no wpr-sticky-section-no\" data-id=\"46f5c90c\" data-element_type=\"section\" data-settings=\"{&quot;background_background&quot;:&quot;classic&quot;}\">\n\t\t\t\t\t\t\t<div class=\"elementor-background-overlay\"><\/div>\n\t\t\t\t\t\t\t<div class=\"elementor-container elementor-column-gap-default\">\n\t\t\t\t\t<div class=\"elementor-column elementor-col-100 elementor-top-column elementor-element elementor-element-c5c0b8f\" data-id=\"c5c0b8f\" data-element_type=\"column\">\n\t\t\t<div class=\"elementor-widget-wrap elementor-element-populated\">\n\t\t\t\t\t\t\t<\/div>\n\t\t<\/div>\n\t\t\t\t\t<\/div>\n\t\t<\/section>\n\t\t\t\t<\/div>\n\t\t\t\t\t\t\t\t\t\t<\/div>\n\t\t\t\t<\/div>\n\t\t<div class=\"elementor-element elementor-element-46e36ee e-flex e-con-boxed wpr-parallax-no wpr-sticky-section-no e-con e-parent\" data-id=\"46e36ee\" data-element_type=\"container\" data-settings=\"{&quot;background_background&quot;:&quot;classic&quot;}\">\n\t\t\t\t\t<div class=\"e-con-inner\">\n\t\t<div class=\"elementor-element elementor-element-12fe6b7 e-con-full e-flex wpr-particle-no wpr-jarallax-no wpr-parallax-no wpr-sticky-section-no e-con e-child\" data-id=\"12fe6b7\" data-element_type=\"container\">\n\t\t\t\t<div class=\"elementor-element elementor-element-9ceb209 elementor-widget__width-inherit elementor-widget elementor-widget-heading\" data-id=\"9ceb209\" data-element_type=\"widget\" data-widget_type=\"heading.default\">\n\t\t\t\t\t<h3 class=\"elementor-heading-title elementor-size-default\">Estudio\/Bungalow 4-6<\/h3>\t\t\t\t<\/div>\n\t\t\t\t<div class=\"elementor-element elementor-element-98a747f elementor-widget-divider--view-line elementor-widget elementor-widget-divider\" data-id=\"98a747f\" data-element_type=\"widget\" data-widget_type=\"divider.default\">\n\t\t\t\t\t\t\t<div class=\"elementor-divider\">\n\t\t\t<span class=\"elementor-divider-separator\">\n\t\t\t\t\t\t<\/span>\n\t\t<\/div>\n\t\t\t\t\t\t<\/div>\n\t\t\t\t<div class=\"elementor-element elementor-element-7a97b30 elementor-widget elementor-widget-text-editor\" data-id=\"7a97b30\" data-element_type=\"widget\" data-widget_type=\"text-editor.default\">\n\t\t\t\t\t\t\t\t\t<p>Ideale Unterkunft f\u00fcr 4\/6 Personen mit 2 separaten Schlafzimmern und Schlafsofa im Esszimmer. Es verf\u00fcgt \u00fcber eine K\u00fcche \/ Esszimmer mit K\u00fchlschrank, Fernseher, Mikrowelle und allen notwendigen Utensilien sowie 1 Badezimmer.<br \/>Eine kleine Veranda mit Tisch und St\u00fchlen geh\u00f6rt zur Unterkunft, um eine wunderbare Zeit in der warmen Jahreszeit zu verbringen.<br \/>Haustiere sind erlaubt. Zur Grundausstattung sind Bettw\u00e4sche und Handt\u00fccher nicht mit enthalten.<br \/>Die Verteilung variiert je nach gew\u00e4hltem Modell. Wir haben verschiedene Arten von Bungalows und Studios zur Verf\u00fcgung. Bei Ihrer<br \/>Reservierung werden wir Sie gern beraten, welches Objekt Ihren Bed\u00fcrfnissen am besten entspricht.<\/p>\t\t\t\t\t\t\t\t<\/div>\n\t\t\t\t<\/div>\n\t\t<div class=\"elementor-element elementor-element-6624c31 e-con-full e-flex wpr-particle-no wpr-jarallax-no wpr-parallax-no wpr-sticky-section-no e-con e-child\" data-id=\"6624c31\" data-element_type=\"container\">\n\t\t\t\t<div class=\"elementor-element elementor-element-d647a1d e-transform elementor-widget elementor-widget-image-carousel\" data-id=\"d647a1d\" data-element_type=\"widget\" data-settings=\"{&quot;slides_to_show&quot;:&quot;1&quot;,&quot;navigation&quot;:&quot;none&quot;,&quot;autoplay_speed&quot;:2000,&quot;speed&quot;:1000,&quot;_transform_scale_effect_mobile&quot;:{&quot;unit&quot;:&quot;px&quot;,&quot;size&quot;:1.2,&quot;sizes&quot;:[]},&quot;autoplay&quot;:&quot;yes&quot;,&quot;pause_on_hover&quot;:&quot;yes&quot;,&quot;pause_on_interaction&quot;:&quot;yes&quot;,&quot;infinite&quot;:&quot;yes&quot;,&quot;effect&quot;:&quot;slide&quot;,&quot;_transform_scale_effect&quot;:{&quot;unit&quot;:&quot;px&quot;,&quot;size&quot;:&quot;&quot;,&quot;sizes&quot;:[]},&quot;_transform_scale_effect_tablet&quot;:{&quot;unit&quot;:&quot;px&quot;,&quot;size&quot;:&quot;&quot;,&quot;sizes&quot;:[]}}\" data-widget_type=\"image-carousel.default\">\n\t\t\t\t\t\t\t<div class=\"elementor-image-carousel-wrapper swiper\" role=\"region\" aria-roledescription=\"carousel\" aria-label=\"Carrusel de im\u00e1genes\" dir=\"ltr\">\n\t\t\t<div class=\"elementor-image-carousel swiper-wrapper\" aria-live=\"off\">\n\t\t\t\t\t\t\t\t<div class=\"swiper-slide\" role=\"group\" aria-roledescription=\"slide\" aria-label=\"1 von 6\"><a data-elementor-open-lightbox=\"yes\" data-elementor-lightbox-slideshow=\"d647a1d\" data-elementor-lightbox-title=\"bungalows4-6 (6)\" data-e-action-hash=\"#elementor-action%3Aaction%3Dlightbox%26settings%3DeyJpZCI6NjY5MSwidXJsIjoiaHR0cHM6XC9cL2NhbXBpbmdzYW52aWNlbnRlLmNvbVwvd3AtY29udGVudFwvdXBsb2Fkc1wvMjAyNlwvMDJcL2J1bmdhbG93czQtNi02LmpwZyIsInNsaWRlc2hvdyI6ImQ2NDdhMWQifQ%3D%3D\" href=\"https:\/\/campingsanvicente.com\/wp-content\/uploads\/2026\/02\/bungalows4-6-6.jpg\"><figure class=\"swiper-slide-inner\"><img decoding=\"async\" class=\"swiper-slide-image\" src=\"https:\/\/campingsanvicente.com\/wp-content\/uploads\/2026\/02\/bungalows4-6-6.jpg\" alt=\"bungalows4-6 (6)\" \/><\/figure><\/a><\/div><div class=\"swiper-slide\" role=\"group\" aria-roledescription=\"slide\" aria-label=\"2 von 6\"><a data-elementor-open-lightbox=\"yes\" data-elementor-lightbox-slideshow=\"d647a1d\" data-elementor-lightbox-title=\"bungalows4-6 (5)\" data-e-action-hash=\"#elementor-action%3Aaction%3Dlightbox%26settings%3DeyJpZCI6NjY5MiwidXJsIjoiaHR0cHM6XC9cL2NhbXBpbmdzYW52aWNlbnRlLmNvbVwvd3AtY29udGVudFwvdXBsb2Fkc1wvMjAyNlwvMDJcL2J1bmdhbG93czQtNi01LmpwZyIsInNsaWRlc2hvdyI6ImQ2NDdhMWQifQ%3D%3D\" href=\"https:\/\/campingsanvicente.com\/wp-content\/uploads\/2026\/02\/bungalows4-6-5.jpg\"><figure class=\"swiper-slide-inner\"><img decoding=\"async\" class=\"swiper-slide-image\" src=\"https:\/\/campingsanvicente.com\/wp-content\/uploads\/2026\/02\/bungalows4-6-5.jpg\" alt=\"bungalows4-6 (5)\" \/><\/figure><\/a><\/div><div class=\"swiper-slide\" role=\"group\" aria-roledescription=\"slide\" aria-label=\"3 von 6\"><a data-elementor-open-lightbox=\"yes\" data-elementor-lightbox-slideshow=\"d647a1d\" data-elementor-lightbox-title=\"bungalows4-6 (3)\" data-e-action-hash=\"#elementor-action%3Aaction%3Dlightbox%26settings%3DeyJpZCI6NjY5MywidXJsIjoiaHR0cHM6XC9cL2NhbXBpbmdzYW52aWNlbnRlLmNvbVwvd3AtY29udGVudFwvdXBsb2Fkc1wvMjAyNlwvMDJcL2J1bmdhbG93czQtNi0zLmpwZyIsInNsaWRlc2hvdyI6ImQ2NDdhMWQifQ%3D%3D\" href=\"https:\/\/campingsanvicente.com\/wp-content\/uploads\/2026\/02\/bungalows4-6-3.jpg\"><figure class=\"swiper-slide-inner\"><img decoding=\"async\" class=\"swiper-slide-image\" src=\"https:\/\/campingsanvicente.com\/wp-content\/uploads\/2026\/02\/bungalows4-6-3.jpg\" alt=\"bungalows4-6 (3)\" \/><\/figure><\/a><\/div><div class=\"swiper-slide\" role=\"group\" aria-roledescription=\"slide\" aria-label=\"4 von 6\"><a data-elementor-open-lightbox=\"yes\" data-elementor-lightbox-slideshow=\"d647a1d\" data-elementor-lightbox-title=\"bungalows4-6 (4)\" data-e-action-hash=\"#elementor-action%3Aaction%3Dlightbox%26settings%3DeyJpZCI6NjY5NCwidXJsIjoiaHR0cHM6XC9cL2NhbXBpbmdzYW52aWNlbnRlLmNvbVwvd3AtY29udGVudFwvdXBsb2Fkc1wvMjAyNlwvMDJcL2J1bmdhbG93czQtNi00LmpwZyIsInNsaWRlc2hvdyI6ImQ2NDdhMWQifQ%3D%3D\" href=\"https:\/\/campingsanvicente.com\/wp-content\/uploads\/2026\/02\/bungalows4-6-4.jpg\"><figure class=\"swiper-slide-inner\"><img decoding=\"async\" class=\"swiper-slide-image\" src=\"https:\/\/campingsanvicente.com\/wp-content\/uploads\/2026\/02\/bungalows4-6-4.jpg\" alt=\"bungalows4-6 (4)\" \/><\/figure><\/a><\/div><div class=\"swiper-slide\" role=\"group\" aria-roledescription=\"slide\" aria-label=\"5 von 6\"><a data-elementor-open-lightbox=\"yes\" data-elementor-lightbox-slideshow=\"d647a1d\" data-elementor-lightbox-title=\"bungalows4-6 (2)\" data-e-action-hash=\"#elementor-action%3Aaction%3Dlightbox%26settings%3DeyJpZCI6NjY5NSwidXJsIjoiaHR0cHM6XC9cL2NhbXBpbmdzYW52aWNlbnRlLmNvbVwvd3AtY29udGVudFwvdXBsb2Fkc1wvMjAyNlwvMDJcL2J1bmdhbG93czQtNi0yLmpwZyIsInNsaWRlc2hvdyI6ImQ2NDdhMWQifQ%3D%3D\" href=\"https:\/\/campingsanvicente.com\/wp-content\/uploads\/2026\/02\/bungalows4-6-2.jpg\"><figure class=\"swiper-slide-inner\"><img decoding=\"async\" class=\"swiper-slide-image\" src=\"https:\/\/campingsanvicente.com\/wp-content\/uploads\/2026\/02\/bungalows4-6-2.jpg\" alt=\"bungalows4-6 (2)\" \/><\/figure><\/a><\/div><div class=\"swiper-slide\" role=\"group\" aria-roledescription=\"slide\" aria-label=\"6 von 6\"><a data-elementor-open-lightbox=\"yes\" data-elementor-lightbox-slideshow=\"d647a1d\" data-elementor-lightbox-title=\"imgi_6_01-800x600\" data-e-action-hash=\"#elementor-action%3Aaction%3Dlightbox%26settings%3DeyJpZCI6NjY5NiwidXJsIjoiaHR0cHM6XC9cL2NhbXBpbmdzYW52aWNlbnRlLmNvbVwvd3AtY29udGVudFwvdXBsb2Fkc1wvMjAyNlwvMDJcL2ltZ2lfNl8wMS04MDB4NjAwLTEuanBnIiwic2xpZGVzaG93IjoiZDY0N2ExZCJ9\" href=\"https:\/\/campingsanvicente.com\/wp-content\/uploads\/2026\/02\/imgi_6_01-800x600-1.jpg\"><figure class=\"swiper-slide-inner\"><img decoding=\"async\" class=\"swiper-slide-image\" src=\"https:\/\/campingsanvicente.com\/wp-content\/uploads\/2026\/02\/imgi_6_01-800x600-1.jpg\" alt=\"imgi_6_01-800x600\" \/><\/figure><\/a><\/div>\t\t\t<\/div>\n\t\t\t\t\t\t\t\n\t\t\t\t\t\t\t\t\t<\/div>\n\t\t\t\t\t\t<\/div>\n\t\t\t\t<\/div>\n\t\t\t\t\t<\/div>\n\t\t\t\t<\/div>\n\t\t<div class=\"elementor-element elementor-element-3b7fe32 e-flex e-con-boxed wpr-parallax-no wpr-sticky-section-no e-con e-parent\" data-id=\"3b7fe32\" data-element_type=\"container\" data-settings=\"{&quot;background_background&quot;:&quot;classic&quot;}\">\n\t\t\t\t\t<div class=\"e-con-inner\">\n\t\t\t\t<div class=\"elementor-element elementor-element-bad0827 elementor-widget elementor-widget-text-editor\" data-id=\"bad0827\" data-element_type=\"widget\" data-widget_type=\"text-editor.default\">\n\t\t\t\t\t\t\t\t\t<ul><li>Die Einfahrt von Fahrzeugen in den Campingplatz ist verboten; Fahrzeuge der Unterkunft werden auf dem kostenlosen Parkplatz vor dem Campingplatz abgestellt.<\/li><li>F\u00fcr die Reservierung ist eine Vorauszahlung von mindestens 50 % erforderlich. Wenn Sie m\u00f6chten, k\u00f6nnen Sie auch den gesamten Betrag im Voraus bezahlen.<\/li><li>Erforderliche Barkaution: Studios 60 \u20ac, Rest der Unterkunft 100 \u20ac. Die Kaution wird zur\u00fcckerstattet, wenn die Unterkunft in den gleichen Ordnungs- und Sauberkeitsbedingungen (frei von M\u00fcll und sauberen Haushaltsgegenst\u00e4nden) \u00fcbergeben wird.<\/li><li>Check-in: 17:00 Uhr Hochsaison, fr\u00fcherer Einlass m\u00f6glich, wenn die Reinigung durch das Reinigungspersonal erfolgt.<br \/>In der Neben-\/Mittelsaison ist der Eintritt von 12 bis 16 Uhr m\u00f6glich (vorher telefonische R\u00fccksprache).<\/li><li>Check-out: 11:00 Uhr Hochsaison. Anschlie\u00dfend wird Ihre Unterkunft \u00fcberpr\u00fcft. Dabei ist zu ber\u00fccksichtigen, dass die \u00dcberpr\u00fcfung zwischen 5 und 10 Minuten dauern wird. Die Kaution wird zur\u00fcckerstattet, wenn die Unterkunft in der gleichen Reihenfolge und mit den gleichen<\/li><li>Sauberkeitsbedingungen \u00fcbergeben wird.<br \/>Maximalbelegung 4\/6 Personen (Erwachsener, Kind oder Baby)<br \/>Doppelbett 1,35 cm, 2 Betten \u00e0 90 cm und ein Schlafsofa 1,35 cm im Wohn-\/Esszimmer.<\/li><li>Bettw\u00e4sche, Handt\u00fccher und Decken sind nicht im Preis inbegriffen.<\/li><li>Hunde sind erlaubt, immer an der Leine und d\u00fcrfen nie losgelassen werden (das Klettern von Haustieren auf die M\u00f6bel des Hauses ist v\u00f6llig verboten). Aufpreis je nach Saison: 1,50 \u20ac niedrig \u2013 1,80 \u20ac Juli \u2013 August 2,00 \u20ac<\/li><\/ul>\t\t\t\t\t\t\t\t<\/div>\n\t\t<div class=\"elementor-element elementor-element-4166378 e-con-full e-flex wpr-particle-no wpr-jarallax-no wpr-parallax-no wpr-sticky-section-no e-con e-child\" data-id=\"4166378\" data-element_type=\"container\">\n\t\t\t\t<div class=\"elementor-element elementor-element-712ff63 elementor-align-center elementor-widget elementor-widget-button\" data-id=\"712ff63\" data-element_type=\"widget\" data-widget_type=\"button.default\">\n\t\t\t\t\t\t\t\t\t\t<a class=\"elementor-button elementor-button-link elementor-size-sm\" href=\"https:\/\/campingsanvicente.com\/condiciones-de-la-reserva\/\">\n\t\t\t\t\t\t<span class=\"elementor-button-content-wrapper\">\n\t\t\t\t\t\t<span class=\"elementor-button-icon\">\n\t\t\t\t<svg aria-hidden=\"true\" class=\"e-font-icon-svg e-fas-arrow-right\" viewBox=\"0 0 448 512\" xmlns=\"http:\/\/www.w3.org\/2000\/svg\"><path d=\"M190.5 66.9l22.2-22.2c9.4-9.4 24.6-9.4 33.9 0L441 239c9.4 9.4 9.4 24.6 0 33.9L246.6 467.3c-9.4 9.4-24.6 9.4-33.9 0l-22.2-22.2c-9.5-9.5-9.3-25 .4-34.3L311.4 296H24c-13.3 0-24-10.7-24-24v-32c0-13.3 10.7-24 24-24h287.4L190.9 101.2c-9.8-9.3-10-24.8-.4-34.3z\"><\/path><\/svg>\t\t\t<\/span>\n\t\t\t\t\t\t\t\t\t<span class=\"elementor-button-text\">BUCHUNGSBEDINGUNGEN<\/span>\n\t\t\t\t\t<\/span>\n\t\t\t\t\t<\/a>\n\t\t\t\t\t\t\t\t<\/div>\n\t\t\t\t<div class=\"elementor-element elementor-element-ac449cd elementor-align-center elementor-widget elementor-widget-button\" data-id=\"ac449cd\" data-element_type=\"widget\" data-widget_type=\"button.default\">\n\t\t\t\t\t\t\t\t\t\t<a class=\"elementor-button elementor-button-link elementor-size-sm\" href=\"https:\/\/campingsanvicente.com\/faq\/\">\n\t\t\t\t\t\t<span class=\"elementor-button-content-wrapper\">\n\t\t\t\t\t\t<span class=\"elementor-button-icon\">\n\t\t\t\t<svg aria-hidden=\"true\" class=\"e-font-icon-svg e-fas-arrow-right\" viewBox=\"0 0 448 512\" xmlns=\"http:\/\/www.w3.org\/2000\/svg\"><path d=\"M190.5 66.9l22.2-22.2c9.4-9.4 24.6-9.4 33.9 0L441 239c9.4 9.4 9.4 24.6 0 33.9L246.6 467.3c-9.4 9.4-24.6 9.4-33.9 0l-22.2-22.2c-9.5-9.5-9.3-25 .4-34.3L311.4 296H24c-13.3 0-24-10.7-24-24v-32c0-13.3 10.7-24 24-24h287.4L190.9 101.2c-9.8-9.3-10-24.8-.4-34.3z\"><\/path><\/svg>\t\t\t<\/span>\n\t\t\t\t\t\t\t\t\t<span class=\"elementor-button-text\">FAQ<\/span>\n\t\t\t\t\t<\/span>\n\t\t\t\t\t<\/a>\n\t\t\t\t\t\t\t\t<\/div>\n\t\t\t\t<\/div>\n\t\t\t\t\t<\/div>\n\t\t\t\t<\/div>\n\t\t<div class=\"elementor-element elementor-element-b5431ec e-flex e-con-boxed wpr-parallax-no wpr-sticky-section-no e-con e-parent\" data-id=\"b5431ec\" data-element_type=\"container\" data-settings=\"{&quot;background_background&quot;:&quot;classic&quot;}\">\n\t\t\t\t\t<div class=\"e-con-inner\">\n\t\t<div class=\"elementor-element elementor-element-e3c3bf5 e-con-full e-flex wpr-particle-no wpr-jarallax-no wpr-parallax-no wpr-sticky-section-no e-con e-child\" data-id=\"e3c3bf5\" data-element_type=\"container\">\n\t\t\t\t<div class=\"elementor-element elementor-element-45501da elementor-widget-mobile__width-inherit elementor-widget elementor-widget-image\" data-id=\"45501da\" data-element_type=\"widget\" data-widget_type=\"image.default\">\n\t\t\t\t\t\t\t\t\t\t\t\t\t\t\t\t<a href=\"https:\/\/campingsanvicente.com\/wp-content\/uploads\/2025\/08\/Mapa-Camping-cast-web-2.jpg\" data-elementor-open-lightbox=\"yes\" data-elementor-lightbox-title=\"Mapa-Camping-cast-web-2\" data-e-action-hash=\"#elementor-action%3Aaction%3Dlightbox%26settings%3DeyJpZCI6MzM1MSwidXJsIjoiaHR0cHM6XC9cL2NhbXBpbmdzYW52aWNlbnRlLmNvbVwvd3AtY29udGVudFwvdXBsb2Fkc1wvMjAyNVwvMDhcL01hcGEtQ2FtcGluZy1jYXN0LXdlYi0yLmpwZyJ9\">\n\t\t\t\t\t\t\t<img fetchpriority=\"high\" decoding=\"async\" width=\"1754\" height=\"1240\" src=\"https:\/\/campingsanvicente.com\/wp-content\/uploads\/2025\/08\/Mapa-Camping-cast-web-2.jpg\" class=\"attachment-full size-full wp-image-3351\" alt=\"\" srcset=\"https:\/\/campingsanvicente.com\/wp-content\/uploads\/2025\/08\/Mapa-Camping-cast-web-2.jpg 1754w, https:\/\/campingsanvicente.com\/wp-content\/uploads\/2025\/08\/Mapa-Camping-cast-web-2-300x212.jpg 300w, https:\/\/campingsanvicente.com\/wp-content\/uploads\/2025\/08\/Mapa-Camping-cast-web-2-1024x724.jpg 1024w, https:\/\/campingsanvicente.com\/wp-content\/uploads\/2025\/08\/Mapa-Camping-cast-web-2-768x543.jpg 768w, https:\/\/campingsanvicente.com\/wp-content\/uploads\/2025\/08\/Mapa-Camping-cast-web-2-1536x1086.jpg 1536w\" sizes=\"(max-width: 1754px) 100vw, 1754px\" \/>\t\t\t\t\t\t\t\t<\/a>\n\t\t\t\t\t\t\t\t\t\t\t\t\t\t\t<\/div>\n\t\t\t\t<\/div>\n\t\t\t\t\t<\/div>\n\t\t\t\t<\/div>\n\t\t\t\t<\/div>\n\t\t","protected":false},"excerpt":{"rendered":"<p>Estudio\/Bungalow 4-6 Ideale Unterkunft f\u00fcr 4\/6 Personen mit 2 separaten Schlafzimmern und Schlafsofa im Esszimmer. Es verf\u00fcgt \u00fcber eine K\u00fcche \/ Esszimmer mit K\u00fchlschrank, Fernseher, Mikrowelle und allen notwendigen Utensilien sowie 1 Badezimmer.Eine kleine Veranda mit Tisch und St\u00fchlen geh\u00f6rt zur Unterkunft, um eine wunderbare Zeit in der warmen Jahreszeit zu verbringen.Haustiere sind erlaubt. Zur Grundausstattung sind Bettw\u00e4sche und Handt\u00fccher nicht mit enthalten.Die Verteilung variiert je nach gew\u00e4hltem Modell. Wir haben verschiedene Arten von Bungalows und Studios zur Verf\u00fcgung. Bei IhrerReservierung werden wir Sie gern beraten, welches Objekt Ihren Bed\u00fcrfnissen am besten entspricht. Die Einfahrt von Fahrzeugen in den Campingplatz ist verboten; Fahrzeuge der Unterkunft werden auf dem kostenlosen Parkplatz vor dem Campingplatz abgestellt. F\u00fcr die Reservierung ist eine Vorauszahlung von mindestens 50 % erforderlich. Wenn Sie m\u00f6chten, k\u00f6nnen Sie auch den gesamten Betrag im Voraus bezahlen. Erforderliche Barkaution: Studios 60 \u20ac, Rest der Unterkunft 100 \u20ac. Die Kaution wird zur\u00fcckerstattet, wenn die Unterkunft in den gleichen Ordnungs- und Sauberkeitsbedingungen (frei von M\u00fcll und sauberen Haushaltsgegenst\u00e4nden) \u00fcbergeben wird. Check-in: 17:00 Uhr Hochsaison, fr\u00fcherer Einlass m\u00f6glich, wenn die Reinigung durch das Reinigungspersonal erfolgt.In der Neben-\/Mittelsaison ist der Eintritt von 12 bis 16 Uhr m\u00f6glich (vorher telefonische R\u00fccksprache). Check-out: 11:00 Uhr Hochsaison. Anschlie\u00dfend wird Ihre Unterkunft \u00fcberpr\u00fcft. Dabei ist zu ber\u00fccksichtigen, dass die \u00dcberpr\u00fcfung zwischen 5 und 10 Minuten dauern wird. Die Kaution wird zur\u00fcckerstattet, wenn die Unterkunft in der gleichen Reihenfolge und mit den gleichen Sauberkeitsbedingungen \u00fcbergeben wird.Maximalbelegung 4\/6 Personen (Erwachsener, Kind oder Baby)Doppelbett 1,35 cm, 2 Betten \u00e0 90 cm und ein Schlafsofa 1,35 cm im Wohn-\/Esszimmer. Bettw\u00e4sche, Handt\u00fccher und Decken sind nicht im Preis inbegriffen. Hunde sind erlaubt, immer an der Leine und d\u00fcrfen nie losgelassen werden (das Klettern von Haustieren auf die M\u00f6bel des Hauses ist v\u00f6llig verboten). Aufpreis je nach Saison: 1,50 \u20ac niedrig \u2013 1,80 \u20ac Juli \u2013 August 2,00 \u20ac BUCHUNGSBEDINGUNGEN FAQ<\/p>\n","protected":false},"author":1,"featured_media":0,"parent":0,"menu_order":3,"comment_status":"closed","ping_status":"closed","template":"elementor_canvas","meta":{"footnotes":""},"class_list":["post-3534","page","type-page","status-publish","hentry"],"_links":{"self":[{"href":"https:\/\/campingsanvicente.com\/de\/wp-json\/wp\/v2\/pages\/3534","targetHints":{"allow":["GET"]}}],"collection":[{"href":"https:\/\/campingsanvicente.com\/de\/wp-json\/wp\/v2\/pages"}],"about":[{"href":"https:\/\/campingsanvicente.com\/de\/wp-json\/wp\/v2\/types\/page"}],"author":[{"embeddable":true,"href":"https:\/\/campingsanvicente.com\/de\/wp-json\/wp\/v2\/users\/1"}],"replies":[{"embeddable":true,"href":"https:\/\/campingsanvicente.com\/de\/wp-json\/wp\/v2\/comments?post=3534"}],"version-history":[{"count":46,"href":"https:\/\/campingsanvicente.com\/de\/wp-json\/wp\/v2\/pages\/3534\/revisions"}],"predecessor-version":[{"id":6699,"href":"https:\/\/campingsanvicente.com\/de\/wp-json\/wp\/v2\/pages\/3534\/revisions\/6699"}],"wp:attachment":[{"href":"https:\/\/campingsanvicente.com\/de\/wp-json\/wp\/v2\/media?parent=3534"}],"curies":[{"name":"wp","href":"https:\/\/api.w.org\/{rel}","templated":true}]}}