{"id":3465,"date":"2025-08-05T10:17:21","date_gmt":"2025-08-05T10:17:21","guid":{"rendered":"https:\/\/campingsanvicente.com\/restaurante\/"},"modified":"2026-02-19T12:56:04","modified_gmt":"2026-02-19T12:56:04","slug":"restaurante","status":"publish","type":"page","link":"https:\/\/campingsanvicente.com\/de\/restaurante\/","title":{"rendered":"Restaurante"},"content":{"rendered":"\t\t<div data-elementor-type=\"wp-page\" data-elementor-id=\"3465\" class=\"elementor elementor-3465 elementor-1411\" data-elementor-post-type=\"page\">\n\t\t\t\t<div class=\"elementor-element elementor-element-484431c e-con-full e-flex wpr-particle-no wpr-jarallax-no wpr-parallax-no wpr-sticky-section-no e-con e-parent\" data-id=\"484431c\" data-element_type=\"container\">\n\t\t\t\t<div class=\"elementor-element elementor-element-cdfcd3b elementor-widget elementor-widget-text-editor\" data-id=\"cdfcd3b\" data-element_type=\"widget\" data-widget_type=\"text-editor.default\">\n\t\t\t\t\t\t\t\t\t\t\t<div data-elementor-type=\"section\" data-elementor-id=\"2722\" class=\"elementor elementor-2722\" data-elementor-post-type=\"elementor_library\">\n\t\t\t\t\t<section class=\"elementor-section elementor-top-section elementor-element elementor-element-46f5c90c elementor-section-height-min-height elementor-section-boxed elementor-section-height-default elementor-section-items-middle wpr-particle-no wpr-jarallax-no wpr-parallax-no wpr-sticky-section-no\" data-id=\"46f5c90c\" data-element_type=\"section\" data-settings=\"{&quot;background_background&quot;:&quot;classic&quot;}\">\n\t\t\t\t\t\t\t<div class=\"elementor-background-overlay\"><\/div>\n\t\t\t\t\t\t\t<div class=\"elementor-container elementor-column-gap-default\">\n\t\t\t\t\t<div class=\"elementor-column elementor-col-100 elementor-top-column elementor-element elementor-element-c5c0b8f\" data-id=\"c5c0b8f\" data-element_type=\"column\">\n\t\t\t<div class=\"elementor-widget-wrap elementor-element-populated\">\n\t\t\t\t\t\t\t<\/div>\n\t\t<\/div>\n\t\t\t\t\t<\/div>\n\t\t<\/section>\n\t\t\t\t<\/div>\n\t\t\t\t\t\t\t\t\t\t<\/div>\n\t\t\t\t<\/div>\n\t\t<div class=\"elementor-element elementor-element-c3d28c6 e-flex e-con-boxed wpr-parallax-no wpr-sticky-section-no e-con e-parent\" data-id=\"c3d28c6\" data-element_type=\"container\" data-settings=\"{&quot;background_background&quot;:&quot;classic&quot;}\">\n\t\t\t\t\t<div class=\"e-con-inner\">\n\t\t<div class=\"elementor-element elementor-element-6b50210 e-con-full e-flex wpr-particle-no wpr-jarallax-no wpr-parallax-no wpr-sticky-section-no e-con e-child\" data-id=\"6b50210\" data-element_type=\"container\">\n\t\t\t\t<div class=\"elementor-element elementor-element-38520c4 elementor-widget elementor-widget-heading\" data-id=\"38520c4\" data-element_type=\"widget\" data-widget_type=\"heading.default\">\n\t\t\t\t\t<h2 class=\"elementor-heading-title elementor-size-default\">El Restaurante<\/h2>\t\t\t\t<\/div>\n\t\t\t\t<div class=\"elementor-element elementor-element-8bde8aa elementor-widget-divider--view-line elementor-widget elementor-widget-divider\" data-id=\"8bde8aa\" data-element_type=\"widget\" data-widget_type=\"divider.default\">\n\t\t\t\t\t\t\t<div class=\"elementor-divider\">\n\t\t\t<span class=\"elementor-divider-separator\">\n\t\t\t\t\t\t<\/span>\n\t\t<\/div>\n\t\t\t\t\t\t<\/div>\n\t\t\t\t<div class=\"elementor-element elementor-element-f7b6dc8 elementor-widget elementor-widget-text-editor\" data-id=\"f7b6dc8\" data-element_type=\"widget\" data-widget_type=\"text-editor.default\">\n\t\t\t\t\t\t\t\t\t<p>Una visita al\u00a0<strong>Camping San Vicente<\/strong> debe de estar ligada a una exquisita de paella, el plato valenciano m\u00e1s popular e internacional. Con productos de la huerta te har\u00e1n degustar de cualquiera de nuestros arroces.<\/p><p><strong>La paella<\/strong> (arroz valenciano), es la estrella de la gastronom\u00eda de nuestra zona.<\/p><p>Adem\u00e1s de la internacionalizada paella valenciana se puede disfrutar de otras posibilidades como el <strong>Arroz a banda o Arroz del Senyoret<\/strong>, seco a partir de un fumet de pescado; Paella Alicantina, de costilla de cerdo y garbanzos; Fideu\u00e0, preparada con caldo de pescado (morralla y rape, en vez de arroz se le echa fideos); Paella Mixta, con carne, pescado y verduras, Paella Vegetariana, hecha con todo tipo de verduras(seg\u00fan temporada); el Arroz al horno, arropado de costilla de cerdo, morcilla, patatas, garbanzos y su cabeza de ajos entera; el Arroz negro que adquiere su color a partir de la tinta del sepia color; o el Arr\u00f2s fesols i nap, caldoso a partir de ave, una peque\u00f1a aportaci\u00f3n de cerdo habichuelas o jud\u00edas i nabo. Muy especial y exquisito.<\/p>\t\t\t\t\t\t\t\t<\/div>\n\t\t\t\t<\/div>\n\t\t<div class=\"elementor-element elementor-element-a39ccfb e-con-full e-flex wpr-particle-no wpr-jarallax-no wpr-parallax-no wpr-sticky-section-no e-con e-child\" data-id=\"a39ccfb\" data-element_type=\"container\">\n\t\t\t\t<div class=\"elementor-element elementor-element-80d72c7 elementor-widget elementor-widget-image-carousel\" data-id=\"80d72c7\" data-element_type=\"widget\" data-settings=\"{&quot;slides_to_show&quot;:&quot;1&quot;,&quot;navigation&quot;:&quot;none&quot;,&quot;autoplay_speed&quot;:2000,&quot;speed&quot;:1000,&quot;autoplay&quot;:&quot;yes&quot;,&quot;pause_on_hover&quot;:&quot;yes&quot;,&quot;pause_on_interaction&quot;:&quot;yes&quot;,&quot;infinite&quot;:&quot;yes&quot;,&quot;effect&quot;:&quot;slide&quot;}\" data-widget_type=\"image-carousel.default\">\n\t\t\t\t\t\t\t<div class=\"elementor-image-carousel-wrapper swiper\" role=\"region\" aria-roledescription=\"carousel\" aria-label=\"Carrusel de im\u00e1genes\" dir=\"ltr\">\n\t\t\t<div class=\"elementor-image-carousel swiper-wrapper\" aria-live=\"off\">\n\t\t\t\t\t\t\t\t<div class=\"swiper-slide\" role=\"group\" aria-roledescription=\"slide\" aria-label=\"1 von 5\"><figure class=\"swiper-slide-inner\"><img decoding=\"async\" class=\"swiper-slide-image\" src=\"https:\/\/campingsanvicente.com\/wp-content\/uploads\/2025\/08\/restaurante-1-1.jpg\" alt=\"restaurante-1-1\" \/><\/figure><\/div><div class=\"swiper-slide\" role=\"group\" aria-roledescription=\"slide\" aria-label=\"2 von 5\"><figure class=\"swiper-slide-inner\"><img decoding=\"async\" class=\"swiper-slide-image\" src=\"https:\/\/campingsanvicente.com\/wp-content\/uploads\/2025\/08\/restaurante-1-0.jpg\" alt=\"restaurante-1-0\" \/><\/figure><\/div><div class=\"swiper-slide\" role=\"group\" aria-roledescription=\"slide\" aria-label=\"3 von 5\"><figure class=\"swiper-slide-inner\"><img decoding=\"async\" class=\"swiper-slide-image\" src=\"https:\/\/campingsanvicente.com\/wp-content\/uploads\/2025\/08\/restaurante-1-4.jpg\" alt=\"restaurante-1-4\" \/><\/figure><\/div><div class=\"swiper-slide\" role=\"group\" aria-roledescription=\"slide\" aria-label=\"4 von 5\"><figure class=\"swiper-slide-inner\"><img decoding=\"async\" class=\"swiper-slide-image\" src=\"https:\/\/campingsanvicente.com\/wp-content\/uploads\/2025\/08\/restaurante-1-3.jpg\" alt=\"restaurante-1-3\" \/><\/figure><\/div><div class=\"swiper-slide\" role=\"group\" aria-roledescription=\"slide\" aria-label=\"5 von 5\"><figure class=\"swiper-slide-inner\"><img decoding=\"async\" class=\"swiper-slide-image\" src=\"https:\/\/campingsanvicente.com\/wp-content\/uploads\/2025\/08\/restaurante-1-2.jpg\" alt=\"restaurante-1-2\" \/><\/figure><\/div>\t\t\t<\/div>\n\t\t\t\t\t\t\t\n\t\t\t\t\t\t\t\t\t<\/div>\n\t\t\t\t\t\t<\/div>\n\t\t\t\t<\/div>\n\t\t\t\t\t<\/div>\n\t\t\t\t<\/div>\n\t\t<div class=\"elementor-element elementor-element-bf9d39d e-flex e-con-boxed wpr-parallax-no wpr-sticky-section-no e-con e-parent\" data-id=\"bf9d39d\" data-element_type=\"container\" data-settings=\"{&quot;background_background&quot;:&quot;classic&quot;}\">\n\t\t\t\t\t<div class=\"e-con-inner\">\n\t\t<div class=\"elementor-element elementor-element-e3622fb e-con-full e-flex wpr-particle-no wpr-jarallax-no wpr-parallax-no wpr-sticky-section-no e-con e-child\" data-id=\"e3622fb\" data-element_type=\"container\">\n\t\t\t\t<div class=\"elementor-element elementor-element-2da2fb1 elementor-widget elementor-widget-text-editor\" data-id=\"2da2fb1\" data-element_type=\"widget\" data-widget_type=\"text-editor.default\">\n\t\t\t\t\t\t\t\t\t<p>Estamos en una tierra donde la variedad de arroces es inacabable, desde la sencilla paella de bacalao desalado y cebolla hasta las recetas m\u00e1s innovadoras que los cocineros de los restaurantes valencianos. Seg\u00fan temporada, disponemos del servicio de cocina para llevar a su propia parcela.<\/p>\n<p><strong>ARROCERIA SAN VICENTE,<\/strong>&nbsp;es el&nbsp; lugar id\u00f3neo para&nbsp; comer a diario con tu familia o amigo. Tu lugar de siempre, familiar y tradicional, con vistas al mar, las cartas est\u00e1n sobre la mesa, y para ir abriendo boca te la dejamos aqu\u00ed, im\u00e1genes de nuestros platos regionales\u2026 \u00a1Bon appetit!<\/p>\t\t\t\t\t\t\t\t<\/div>\n\t\t\t\t<\/div>\n\t\t<div class=\"elementor-element elementor-element-77b79cb e-con-full e-flex wpr-particle-no wpr-jarallax-no wpr-parallax-no wpr-sticky-section-no e-con e-child\" data-id=\"77b79cb\" data-element_type=\"container\">\n\t\t\t\t<div class=\"elementor-element elementor-element-ba8773c elementor-widget elementor-widget-image-carousel\" data-id=\"ba8773c\" data-element_type=\"widget\" data-settings=\"{&quot;slides_to_show&quot;:&quot;1&quot;,&quot;navigation&quot;:&quot;none&quot;,&quot;autoplay_speed&quot;:2500,&quot;speed&quot;:1000,&quot;autoplay&quot;:&quot;yes&quot;,&quot;pause_on_hover&quot;:&quot;yes&quot;,&quot;pause_on_interaction&quot;:&quot;yes&quot;,&quot;infinite&quot;:&quot;yes&quot;,&quot;effect&quot;:&quot;slide&quot;}\" data-widget_type=\"image-carousel.default\">\n\t\t\t\t\t\t\t<div class=\"elementor-image-carousel-wrapper swiper\" role=\"region\" aria-roledescription=\"carousel\" aria-label=\"Carrusel de im\u00e1genes\" dir=\"ltr\">\n\t\t\t<div class=\"elementor-image-carousel swiper-wrapper\" aria-live=\"off\">\n\t\t\t\t\t\t\t\t<div class=\"swiper-slide\" role=\"group\" aria-roledescription=\"slide\" aria-label=\"1 von 4\"><figure class=\"swiper-slide-inner\"><img decoding=\"async\" class=\"swiper-slide-image\" src=\"https:\/\/campingsanvicente.com\/wp-content\/uploads\/2025\/11\/restaurante-2-3_11zon.webp\" alt=\"restaurante-2-3_11zon\" \/><\/figure><\/div><div class=\"swiper-slide\" role=\"group\" aria-roledescription=\"slide\" aria-label=\"2 von 4\"><figure class=\"swiper-slide-inner\"><img decoding=\"async\" class=\"swiper-slide-image\" src=\"https:\/\/campingsanvicente.com\/wp-content\/uploads\/2025\/11\/restaurante-2-2_11zon.webp\" alt=\"restaurante-2-2_11zon\" \/><\/figure><\/div><div class=\"swiper-slide\" role=\"group\" aria-roledescription=\"slide\" aria-label=\"3 von 4\"><figure class=\"swiper-slide-inner\"><img decoding=\"async\" class=\"swiper-slide-image\" src=\"https:\/\/campingsanvicente.com\/wp-content\/uploads\/2025\/11\/restaurante-2-0_11zon.webp\" alt=\"restaurante-2-0_11zon\" \/><\/figure><\/div><div class=\"swiper-slide\" role=\"group\" aria-roledescription=\"slide\" aria-label=\"4 von 4\"><figure class=\"swiper-slide-inner\"><img decoding=\"async\" class=\"swiper-slide-image\" src=\"https:\/\/campingsanvicente.com\/wp-content\/uploads\/2025\/11\/restaurante-2-1_11zon.webp\" alt=\"restaurante-2-1_11zon\" \/><\/figure><\/div>\t\t\t<\/div>\n\t\t\t\t\t\t\t\n\t\t\t\t\t\t\t\t\t<\/div>\n\t\t\t\t\t\t<\/div>\n\t\t\t\t<\/div>\n\t\t\t\t\t<\/div>\n\t\t\t\t<\/div>\n\t\t<div class=\"elementor-element elementor-element-ffa8495 e-flex e-con-boxed wpr-particle-no wpr-jarallax-no wpr-parallax-no wpr-sticky-section-no e-con e-parent\" data-id=\"ffa8495\" data-element_type=\"container\">\n\t\t\t\t\t<div class=\"e-con-inner\">\n\t\t<div class=\"elementor-element elementor-element-a889562 e-con-full e-flex wpr-particle-no wpr-jarallax-no wpr-parallax-no wpr-sticky-section-no e-con e-child\" data-id=\"a889562\" data-element_type=\"container\">\n\t\t\t\t<\/div>\n\t\t<div class=\"elementor-element elementor-element-e5c7756 e-con-full e-flex wpr-particle-no wpr-jarallax-no wpr-parallax-no wpr-sticky-section-no e-con e-child\" data-id=\"e5c7756\" data-element_type=\"container\">\n\t\t\t\t<div class=\"elementor-element elementor-element-807ba19 elementor-widget elementor-widget-heading\" data-id=\"807ba19\" data-element_type=\"widget\" data-widget_type=\"heading.default\">\n\t\t\t\t\t<h2 class=\"elementor-heading-title elementor-size-default\">Promociones<\/h2>\t\t\t\t<\/div>\n\t\t\t\t<div class=\"elementor-element elementor-element-b7fa77a elementor-widget-divider--view-line elementor-widget elementor-widget-divider\" data-id=\"b7fa77a\" data-element_type=\"widget\" data-widget_type=\"divider.default\">\n\t\t\t\t\t\t\t<div class=\"elementor-divider\">\n\t\t\t<span class=\"elementor-divider-separator\">\n\t\t\t\t\t\t<\/span>\n\t\t<\/div>\n\t\t\t\t\t\t<\/div>\n\t\t\t\t<\/div>\n\t\t<div class=\"elementor-element elementor-element-2a10823 e-con-full e-flex wpr-particle-no wpr-jarallax-no wpr-parallax-no wpr-sticky-section-no e-con e-child\" data-id=\"2a10823\" data-element_type=\"container\">\n\t\t\t\t<\/div>\n\t\t<div class=\"elementor-element elementor-element-266bed7 e-con-full e-flex wpr-particle-no wpr-jarallax-no wpr-parallax-no wpr-sticky-section-no e-con e-child\" data-id=\"266bed7\" data-element_type=\"container\">\n\t\t\t\t<div class=\"elementor-element elementor-element-9916d32 wpr-promo-box-style-cover elementor-widget elementor-widget-wpr-promo-box\" data-id=\"9916d32\" data-element_type=\"widget\" data-widget_type=\"wpr-promo-box.default\">\n\t\t\t\t\t\n\t\t<div class=\"wpr-promo-box wpr-animation-wrap\">\n\n\t\t\t\t\t\t\t\n\t\t\t\t\t\t\t<div class=\"wpr-promo-box-image\">\n\t\t\t\t\t<div class=\"wpr-promo-box-bg-image wpr-bg-anim-zoom-in wpr-anim-timing-ease-default\" style=\"background-image:url(https:\/\/campingsanvicente.com\/wp-content\/uploads\/2025\/08\/Fondo-01-800x600-1.jpg);\"><\/div>\n\t\t\t\t\t<div class=\"wpr-promo-box-bg-overlay wpr-border-anim-oscar\"><\/div>\n\t\t\t\t<\/div>\n\t\t\t\t\t\t\n\t\t\t<div class=\"wpr-promo-box-content\">\n\n\t\t\t\t\t\t\t\t<div class=\"wpr-promo-box-icon\">\n\t\t\t\t\t\t\t\t\t<\/div>\n\t\t\t\t\n\t\t\t\t<span class=\"wpr-promo-box-title\"><span>200\u20ac por mes<\/span><\/span>\n\t\t\t\t\t\t\t\t\t<div class=\"wpr-promo-box-description\">\n\t\t\t\t\t\t<p><p>Abonos de fin<br \/>de semana<\/p><\/p>\t\n\t\t\t\t\t<\/div>\t\t\t\t\t\t\n\t\t\t\t\n\t\t\t\t\t\t\t\t\t<div class=\"wpr-promo-box-btn-wrap\">\n\t\t\t\t\t\t<a class=\"wpr-promo-box-btn\" href=\"https:\/\/campingsanvicente.com\/disponibilidad\/\">\n\n\t\t\t\t\t\t\t\t\t\t\t\t\t\t<span class=\"wpr-promo-box-btn-text\">Disponibilidad abonos fin de semana<\/span>\t\t\n\t\t\t\t\t\t\t\n\t\t\t\t\t\t\t\t\t\t\t\t\t<\/a>\n\t\t\t\t\t<\/div>\t\n\t\t\t\t\t\t\t<\/div>\n\n\t\t\t\t\t<\/div>\n\n\t\t\t\t\t\t<\/div>\n\t\t\t\t<\/div>\n\t\t<div class=\"elementor-element elementor-element-e807a6a e-con-full e-flex wpr-particle-no wpr-jarallax-no wpr-parallax-no wpr-sticky-section-no e-con e-child\" data-id=\"e807a6a\" data-element_type=\"container\">\n\t\t\t\t<div class=\"elementor-element elementor-element-cd0dc97 wpr-promo-box-style-cover elementor-widget elementor-widget-wpr-promo-box\" data-id=\"cd0dc97\" data-element_type=\"widget\" data-widget_type=\"wpr-promo-box.default\">\n\t\t\t\t\t\n\t\t<div class=\"wpr-promo-box wpr-animation-wrap\">\n\n\t\t\t\t\t\t\t\n\t\t\t\t\t\t\t<div class=\"wpr-promo-box-image\">\n\t\t\t\t\t<div class=\"wpr-promo-box-bg-image wpr-bg-anim-zoom-in wpr-anim-timing-ease-default\" style=\"background-image:url(https:\/\/campingsanvicente.com\/wp-content\/uploads\/2025\/07\/IMG_9732-Mediano-1-800x600-1.jpg);\"><\/div>\n\t\t\t\t\t<div class=\"wpr-promo-box-bg-overlay wpr-border-anim-oscar\"><\/div>\n\t\t\t\t<\/div>\n\t\t\t\t\t\t\n\t\t\t<div class=\"wpr-promo-box-content\">\n\n\t\t\t\t\t\t\t\t<div class=\"wpr-promo-box-icon\">\n\t\t\t\t\t\t\t\t\t<\/div>\n\t\t\t\t\n\t\t\t\t<span class=\"wpr-promo-box-title\"><span>Desde 50\u20ac<\/span><\/span>\n\t\t\t\t\t\t\t\t\t<div class=\"wpr-promo-box-description\">\n\t\t\t\t\t\t<p><p>Casa de madera frente al mar<\/p><\/p>\t\n\t\t\t\t\t<\/div>\t\t\t\t\t\t\n\t\t\t\t\n\t\t\t\t\t\t\t\t\t<div class=\"wpr-promo-box-btn-wrap\">\n\t\t\t\t\t\t<a class=\"wpr-promo-box-btn\" href=\"https:\/\/campingsanvicente.com\/disponibilidad\/\">\n\n\t\t\t\t\t\t\t\t\t\t\t\t\t\t<span class=\"wpr-promo-box-btn-text\">Disponibilidad casa de madera frente al mar<\/span>\t\t\n\t\t\t\t\t\t\t\n\t\t\t\t\t\t\t\t\t\t\t\t\t<\/a>\n\t\t\t\t\t<\/div>\t\n\t\t\t\t\t\t\t<\/div>\n\n\t\t\t\t\t<\/div>\n\n\t\t\t\t\t\t<\/div>\n\t\t\t\t<\/div>\n\t\t<div class=\"elementor-element elementor-element-864d1f4 e-con-full e-flex wpr-particle-no wpr-jarallax-no wpr-parallax-no wpr-sticky-section-no e-con e-child\" data-id=\"864d1f4\" data-element_type=\"container\">\n\t\t\t\t<div class=\"elementor-element elementor-element-bf6b99e wpr-promo-box-style-cover elementor-widget elementor-widget-wpr-promo-box\" data-id=\"bf6b99e\" data-element_type=\"widget\" data-widget_type=\"wpr-promo-box.default\">\n\t\t\t\t\t\n\t\t<div class=\"wpr-promo-box wpr-animation-wrap\">\n\n\t\t\t\t\t\t\t\n\t\t\t\t\t\t\t<div class=\"wpr-promo-box-image\">\n\t\t\t\t\t<div class=\"wpr-promo-box-bg-image wpr-bg-anim-zoom-in wpr-anim-timing-ease-default\" style=\"background-image:url(https:\/\/campingsanvicente.com\/wp-content\/uploads\/2025\/11\/restaurante-2-2_11zon.webp);\"><\/div>\n\t\t\t\t\t<div class=\"wpr-promo-box-bg-overlay wpr-border-anim-oscar\"><\/div>\n\t\t\t\t<\/div>\n\t\t\t\t\t\t\n\t\t\t<div class=\"wpr-promo-box-content\">\n\n\t\t\t\t\t\t\t\t<div class=\"wpr-promo-box-icon\">\n\t\t\t\t\t\t\t\t\t<\/div>\n\t\t\t\t\n\t\t\t\t<span class=\"wpr-promo-box-title\"><span>Restaurante<\/span><\/span>\n\t\t\t\t\t\t\t\t\t<div class=\"wpr-promo-box-description\">\n\t\t\t\t\t\t<p>Men\u00fa del d\u00eda\n<\/p>\t\n\t\t\t\t\t<\/div>\t\t\t\t\t\t\n\t\t\t\t\n\t\t\t\t\t\t\t\t\t<div class=\"wpr-promo-box-btn-wrap\">\n\t\t\t\t\t\t<a class=\"wpr-promo-box-btn\" href=\"https:\/\/campingsanvicente.com\/restaurante\">\n\n\t\t\t\t\t\t\t\t\t\t\t\t\t\t<span class=\"wpr-promo-box-btn-text\">Disponibilidad men\u00fa del d\u00eda del restaurante<\/span>\t\t\n\t\t\t\t\t\t\t\n\t\t\t\t\t\t\t\t\t\t\t\t\t<\/a>\n\t\t\t\t\t<\/div>\t\n\t\t\t\t\t\t\t<\/div>\n\n\t\t\t\t\t<\/div>\n\n\t\t\t\t\t\t<\/div>\n\t\t\t\t<\/div>\n\t\t\t\t\t<\/div>\n\t\t\t\t<\/div>\n\t\t\t\t<\/div>\n\t\t","protected":false},"excerpt":{"rendered":"<p>El Restaurante Una visita al\u00a0Camping San Vicente debe de estar ligada a una exquisita de paella, el plato valenciano m\u00e1s popular e internacional. Con productos de la huerta te har\u00e1n degustar de cualquiera de nuestros arroces. La paella (arroz valenciano), es la estrella de la gastronom\u00eda de nuestra zona. Adem\u00e1s de la internacionalizada paella valenciana se puede disfrutar de otras posibilidades como el Arroz a banda o Arroz del Senyoret, seco a partir de un fumet de pescado; Paella Alicantina, de costilla de cerdo y garbanzos; Fideu\u00e0, preparada con caldo de pescado (morralla y rape, en vez de arroz se le echa fideos); Paella Mixta, con carne, pescado y verduras, Paella Vegetariana, hecha con todo tipo de verduras(seg\u00fan temporada); el Arroz al horno, arropado de costilla de cerdo, morcilla, patatas, garbanzos y su cabeza de ajos entera; el Arroz negro que adquiere su color a partir de la tinta del sepia color; o el Arr\u00f2s fesols i nap, caldoso a partir de ave, una peque\u00f1a aportaci\u00f3n de cerdo habichuelas o jud\u00edas i nabo. Muy especial y exquisito. Estamos en una tierra donde la variedad de arroces es inacabable, desde la sencilla paella de bacalao desalado y cebolla hasta las recetas m\u00e1s innovadoras que los cocineros de los restaurantes valencianos. Seg\u00fan temporada, disponemos del servicio de cocina para llevar a su propia parcela. ARROCERIA SAN VICENTE,&nbsp;es el&nbsp; lugar id\u00f3neo para&nbsp; comer a diario con tu familia o amigo. Tu lugar de siempre, familiar y tradicional, con vistas al mar, las cartas est\u00e1n sobre la mesa, y para ir abriendo boca te la dejamos aqu\u00ed, im\u00e1genes de nuestros platos regionales\u2026 \u00a1Bon appetit! Promociones 200\u20ac por mes Abonos de finde semana Disponibilidad abonos fin de semana Desde 50\u20ac Casa de madera frente al mar Disponibilidad casa de madera frente al mar Restaurante Men\u00fa del d\u00eda Disponibilidad men\u00fa del d\u00eda del restaurante<\/p>\n","protected":false},"author":1,"featured_media":0,"parent":0,"menu_order":1,"comment_status":"closed","ping_status":"closed","template":"elementor_canvas","meta":{"footnotes":""},"class_list":["post-3465","page","type-page","status-publish","hentry"],"_links":{"self":[{"href":"https:\/\/campingsanvicente.com\/de\/wp-json\/wp\/v2\/pages\/3465","targetHints":{"allow":["GET"]}}],"collection":[{"href":"https:\/\/campingsanvicente.com\/de\/wp-json\/wp\/v2\/pages"}],"about":[{"href":"https:\/\/campingsanvicente.com\/de\/wp-json\/wp\/v2\/types\/page"}],"author":[{"embeddable":true,"href":"https:\/\/campingsanvicente.com\/de\/wp-json\/wp\/v2\/users\/1"}],"replies":[{"embeddable":true,"href":"https:\/\/campingsanvicente.com\/de\/wp-json\/wp\/v2\/comments?post=3465"}],"version-history":[{"count":51,"href":"https:\/\/campingsanvicente.com\/de\/wp-json\/wp\/v2\/pages\/3465\/revisions"}],"predecessor-version":[{"id":6893,"href":"https:\/\/campingsanvicente.com\/de\/wp-json\/wp\/v2\/pages\/3465\/revisions\/6893"}],"wp:attachment":[{"href":"https:\/\/campingsanvicente.com\/de\/wp-json\/wp\/v2\/media?parent=3465"}],"curies":[{"name":"wp","href":"https:\/\/api.w.org\/{rel}","templated":true}]}}