{"id":3442,"date":"2025-08-06T09:00:35","date_gmt":"2025-08-06T09:00:35","guid":{"rendered":"https:\/\/campingsanvicente.com\/parcelas\/"},"modified":"2026-02-12T14:09:09","modified_gmt":"2026-02-12T14:09:09","slug":"parcelas","status":"publish","type":"page","link":"https:\/\/campingsanvicente.com\/de\/parcelas\/","title":{"rendered":"Stellpl\u00e4tze"},"content":{"rendered":"\t\t<div data-elementor-type=\"wp-page\" data-elementor-id=\"3442\" class=\"elementor elementor-3442 elementor-1795\" data-elementor-post-type=\"page\">\n\t\t\t\t<div class=\"elementor-element elementor-element-7bff8b6 e-con-full e-flex wpr-particle-no wpr-jarallax-no wpr-parallax-no wpr-sticky-section-no e-con e-parent\" data-id=\"7bff8b6\" data-element_type=\"container\">\n\t\t\t\t<div class=\"elementor-element elementor-element-5447d9d elementor-widget elementor-widget-text-editor\" data-id=\"5447d9d\" data-element_type=\"widget\" data-widget_type=\"text-editor.default\">\n\t\t\t\t\t\t\t\t\t\t\t<div data-elementor-type=\"section\" data-elementor-id=\"2722\" class=\"elementor elementor-2722\" data-elementor-post-type=\"elementor_library\">\n\t\t\t\t\t<section class=\"elementor-section elementor-top-section elementor-element elementor-element-46f5c90c elementor-section-height-min-height elementor-section-boxed elementor-section-height-default elementor-section-items-middle wpr-particle-no wpr-jarallax-no wpr-parallax-no wpr-sticky-section-no\" data-id=\"46f5c90c\" data-element_type=\"section\" data-settings=\"{&quot;background_background&quot;:&quot;classic&quot;}\">\n\t\t\t\t\t\t\t<div class=\"elementor-background-overlay\"><\/div>\n\t\t\t\t\t\t\t<div class=\"elementor-container elementor-column-gap-default\">\n\t\t\t\t\t<div class=\"elementor-column elementor-col-100 elementor-top-column elementor-element elementor-element-c5c0b8f\" data-id=\"c5c0b8f\" data-element_type=\"column\">\n\t\t\t<div class=\"elementor-widget-wrap elementor-element-populated\">\n\t\t\t\t\t\t\t<\/div>\n\t\t<\/div>\n\t\t\t\t\t<\/div>\n\t\t<\/section>\n\t\t\t\t<\/div>\n\t\t\t\t\t\t\t\t\t\t<\/div>\n\t\t\t\t<\/div>\n\t\t<div class=\"elementor-element elementor-element-8c5de87 e-flex e-con-boxed wpr-parallax-no wpr-sticky-section-no e-con e-parent\" data-id=\"8c5de87\" data-element_type=\"container\" data-settings=\"{&quot;background_background&quot;:&quot;classic&quot;}\">\n\t\t\t\t\t<div class=\"e-con-inner\">\n\t\t<div class=\"elementor-element elementor-element-685d661 e-con-full e-flex wpr-particle-no wpr-jarallax-no wpr-parallax-no wpr-sticky-section-no e-con e-child\" data-id=\"685d661\" data-element_type=\"container\">\n\t\t\t\t<div class=\"elementor-element elementor-element-f3985c3 elementor-widget__width-inherit elementor-widget elementor-widget-heading\" data-id=\"f3985c3\" data-element_type=\"widget\" data-widget_type=\"heading.default\">\n\t\t\t\t\t<h3 class=\"elementor-heading-title elementor-size-default\">\nStellpl\u00e4tze \/ Parzellen\n<\/h3>\t\t\t\t<\/div>\n\t\t\t\t<div class=\"elementor-element elementor-element-6266be3 elementor-widget elementor-widget-text-editor\" data-id=\"6266be3\" data-element_type=\"widget\" data-widget_type=\"text-editor.default\">\n\t\t\t\t\t\t\t\t\t<p>Willkommen auf Ihrem Campingplatz am Meer, Camping San Vicente, in Xeraco Playa. Unsere Stellpl\u00e4tze sind mit schattenspendenden B\u00e4umen ums\u00e4umt. Wir bieten Ihnen alle Dienstleistungen f\u00fcr einen perfekten Urlaub. Die Stellpl\u00e4tze sind kostenlos und die Preise variieren je nachdem, was Sie dazu buchen m\u00f6chten. Die Serviceleistungen unserer Parzellen sind: Strom, Wasser und<br \/>Gemeinschaftsb\u00e4der mit Warmwasser.<\/p><p>ACSII Preis pro Tag = \u201eStellplatz gratis\u201c kostenfrei + Anzahl der Erwachsenen + Anzahl der Kinder + Stromanschluss + weitere Einheiten<br \/>2 Personen + Camper\/Caravan + Strom = 16 \u20ac \/ Tag in der Nebensaison | 7 = 6 Tage<\/p><p>Winter Langzeitpreise von Oktober bis einschlie\u00dflich Februar 7,00 \u20ac pro Tag zzgl. Strom<br \/>Preis gilt ab 2 Monate Aufenthalt<\/p>\t\t\t\t\t\t\t\t<\/div>\n\t\t\t\t<\/div>\n\t\t<div class=\"elementor-element elementor-element-f5a1cd1 e-con-full e-flex wpr-particle-no wpr-jarallax-no wpr-parallax-no wpr-sticky-section-no e-con e-child\" data-id=\"f5a1cd1\" data-element_type=\"container\">\n\t\t\t\t<div class=\"elementor-element elementor-element-3f66f6a e-transform elementor-widget elementor-widget-image-carousel\" data-id=\"3f66f6a\" data-element_type=\"widget\" data-settings=\"{&quot;slides_to_show&quot;:&quot;1&quot;,&quot;navigation&quot;:&quot;none&quot;,&quot;autoplay_speed&quot;:2000,&quot;speed&quot;:1000,&quot;_transform_scale_effect_mobile&quot;:{&quot;unit&quot;:&quot;px&quot;,&quot;size&quot;:1.2,&quot;sizes&quot;:[]},&quot;autoplay&quot;:&quot;yes&quot;,&quot;pause_on_hover&quot;:&quot;yes&quot;,&quot;pause_on_interaction&quot;:&quot;yes&quot;,&quot;infinite&quot;:&quot;yes&quot;,&quot;effect&quot;:&quot;slide&quot;,&quot;_transform_scale_effect&quot;:{&quot;unit&quot;:&quot;px&quot;,&quot;size&quot;:&quot;&quot;,&quot;sizes&quot;:[]},&quot;_transform_scale_effect_tablet&quot;:{&quot;unit&quot;:&quot;px&quot;,&quot;size&quot;:&quot;&quot;,&quot;sizes&quot;:[]}}\" data-widget_type=\"image-carousel.default\">\n\t\t\t\t\t\t\t<div class=\"elementor-image-carousel-wrapper swiper\" role=\"region\" aria-roledescription=\"carousel\" aria-label=\"Carrusel de im\u00e1genes\" dir=\"ltr\">\n\t\t\t<div class=\"elementor-image-carousel swiper-wrapper\" aria-live=\"off\">\n\t\t\t\t\t\t\t\t<div class=\"swiper-slide\" role=\"group\" aria-roledescription=\"slide\" aria-label=\"1 von 4\"><a data-elementor-open-lightbox=\"yes\" data-elementor-lightbox-slideshow=\"3f66f6a\" data-elementor-lightbox-title=\"parcelas_camping_xeraco (1)\" data-e-action-hash=\"#elementor-action%3Aaction%3Dlightbox%26settings%3DeyJpZCI6NjgwNiwidXJsIjoiaHR0cHM6XC9cL2NhbXBpbmdzYW52aWNlbnRlLmNvbVwvd3AtY29udGVudFwvdXBsb2Fkc1wvMjAyNlwvMDJcL3BhcmNlbGFzX2NhbXBpbmdfeGVyYWNvLTEuanBnIiwic2xpZGVzaG93IjoiM2Y2NmY2YSJ9\" href=\"https:\/\/campingsanvicente.com\/wp-content\/uploads\/2026\/02\/parcelas_camping_xeraco-1.jpg\"><figure class=\"swiper-slide-inner\"><img decoding=\"async\" class=\"swiper-slide-image\" src=\"https:\/\/campingsanvicente.com\/wp-content\/uploads\/2026\/02\/parcelas_camping_xeraco-1.jpg\" alt=\"parcelas_camping_xeraco (1)\" \/><\/figure><\/a><\/div><div class=\"swiper-slide\" role=\"group\" aria-roledescription=\"slide\" aria-label=\"2 von 4\"><a data-elementor-open-lightbox=\"yes\" data-elementor-lightbox-slideshow=\"3f66f6a\" data-elementor-lightbox-title=\"parcelas_camping_xeraco (2)\" data-e-action-hash=\"#elementor-action%3Aaction%3Dlightbox%26settings%3DeyJpZCI6NjgwNywidXJsIjoiaHR0cHM6XC9cL2NhbXBpbmdzYW52aWNlbnRlLmNvbVwvd3AtY29udGVudFwvdXBsb2Fkc1wvMjAyNlwvMDJcL3BhcmNlbGFzX2NhbXBpbmdfeGVyYWNvLTIuanBnIiwic2xpZGVzaG93IjoiM2Y2NmY2YSJ9\" href=\"https:\/\/campingsanvicente.com\/wp-content\/uploads\/2026\/02\/parcelas_camping_xeraco-2.jpg\"><figure class=\"swiper-slide-inner\"><img decoding=\"async\" class=\"swiper-slide-image\" src=\"https:\/\/campingsanvicente.com\/wp-content\/uploads\/2026\/02\/parcelas_camping_xeraco-2.jpg\" alt=\"parcelas_camping_xeraco (2)\" \/><\/figure><\/a><\/div><div class=\"swiper-slide\" role=\"group\" aria-roledescription=\"slide\" aria-label=\"3 von 4\"><a data-elementor-open-lightbox=\"yes\" data-elementor-lightbox-slideshow=\"3f66f6a\" data-elementor-lightbox-title=\"parcelas_camping_xeraco (3)\" data-e-action-hash=\"#elementor-action%3Aaction%3Dlightbox%26settings%3DeyJpZCI6NjgwOCwidXJsIjoiaHR0cHM6XC9cL2NhbXBpbmdzYW52aWNlbnRlLmNvbVwvd3AtY29udGVudFwvdXBsb2Fkc1wvMjAyNlwvMDJcL3BhcmNlbGFzX2NhbXBpbmdfeGVyYWNvLTMuanBnIiwic2xpZGVzaG93IjoiM2Y2NmY2YSJ9\" href=\"https:\/\/campingsanvicente.com\/wp-content\/uploads\/2026\/02\/parcelas_camping_xeraco-3.jpg\"><figure class=\"swiper-slide-inner\"><img decoding=\"async\" class=\"swiper-slide-image\" src=\"https:\/\/campingsanvicente.com\/wp-content\/uploads\/2026\/02\/parcelas_camping_xeraco-3.jpg\" alt=\"parcelas_camping_xeraco (3)\" \/><\/figure><\/a><\/div><div class=\"swiper-slide\" role=\"group\" aria-roledescription=\"slide\" aria-label=\"4 von 4\"><a data-elementor-open-lightbox=\"yes\" data-elementor-lightbox-slideshow=\"3f66f6a\" data-elementor-lightbox-title=\"parcelas_camping_xeraco (4)\" data-e-action-hash=\"#elementor-action%3Aaction%3Dlightbox%26settings%3DeyJpZCI6NjgwOSwidXJsIjoiaHR0cHM6XC9cL2NhbXBpbmdzYW52aWNlbnRlLmNvbVwvd3AtY29udGVudFwvdXBsb2Fkc1wvMjAyNlwvMDJcL3BhcmNlbGFzX2NhbXBpbmdfeGVyYWNvLTQuanBnIiwic2xpZGVzaG93IjoiM2Y2NmY2YSJ9\" href=\"https:\/\/campingsanvicente.com\/wp-content\/uploads\/2026\/02\/parcelas_camping_xeraco-4.jpg\"><figure class=\"swiper-slide-inner\"><img decoding=\"async\" class=\"swiper-slide-image\" src=\"https:\/\/campingsanvicente.com\/wp-content\/uploads\/2026\/02\/parcelas_camping_xeraco-4.jpg\" alt=\"parcelas_camping_xeraco (4)\" \/><\/figure><\/a><\/div>\t\t\t<\/div>\n\t\t\t\t\t\t\t\n\t\t\t\t\t\t\t\t\t<\/div>\n\t\t\t\t\t\t<\/div>\n\t\t\t\t<\/div>\n\t\t\t\t\t<\/div>\n\t\t\t\t<\/div>\n\t\t<div class=\"elementor-element elementor-element-6571cc6 e-flex e-con-boxed wpr-parallax-no wpr-sticky-section-no e-con e-parent\" data-id=\"6571cc6\" data-element_type=\"container\" data-settings=\"{&quot;background_background&quot;:&quot;classic&quot;}\">\n\t\t\t\t\t<div class=\"e-con-inner\">\n\t\t\t\t<div class=\"elementor-element elementor-element-ae21bfa elementor-widget elementor-widget-text-editor\" data-id=\"ae21bfa\" data-element_type=\"widget\" data-widget_type=\"text-editor.default\">\n\t\t\t\t\t\t\t\t\t<p><strong>Stellpl\u00e4tze:<\/strong><\/p><p>Check-in\/Check-out: 12:00 Uhr<br \/>Kiesboden und verschiedene Baumarten. Sonnige Stellpl\u00e4tze mit 85 % Schatten.<br \/>Ein Wohnmobil oder ein Auto mit Zelt\/Wohnwagen etc. kann aufgestellt werden. Umz\u00e4unungen, Z\u00e4une oder feste Bauten sind nicht erlaubt.<br \/>Hunde sind erlaubt, sofern sie angeleint sind und nicht frei herumlaufen.<br \/>Stromanschluss (10 A) oder (5\/6 A), Kabel nicht inklusive (15\u201320 m).<\/p><p><strong>Stellplatzarten:<\/strong><\/p><p>Stellplatz und Wildcampen.<br \/>Sowohl Stellpl\u00e4tze als auch Wildcampen sind kostenlos; es fallen lediglich Geb\u00fchren f\u00fcr die jeweils angegebenen Leistungen an. Zum Beispiel: Zelt + Personen + Kinder + Strom etc.<\/p>\t\t\t\t\t\t\t\t<\/div>\n\t\t<div class=\"elementor-element elementor-element-d3d7d51 e-con-full e-flex wpr-particle-no wpr-jarallax-no wpr-parallax-no wpr-sticky-section-no e-con e-child\" data-id=\"d3d7d51\" data-element_type=\"container\">\n\t\t\t\t<div class=\"elementor-element elementor-element-957f16d elementor-align-center elementor-widget elementor-widget-button\" data-id=\"957f16d\" data-element_type=\"widget\" data-widget_type=\"button.default\">\n\t\t\t\t\t\t\t\t\t\t<a class=\"elementor-button elementor-button-link elementor-size-sm\" href=\"https:\/\/campingsanvicente.com\/condiciones-de-la-reserva\/\">\n\t\t\t\t\t\t<span class=\"elementor-button-content-wrapper\">\n\t\t\t\t\t\t<span class=\"elementor-button-icon\">\n\t\t\t\t<svg aria-hidden=\"true\" class=\"e-font-icon-svg e-fas-arrow-right\" viewBox=\"0 0 448 512\" xmlns=\"http:\/\/www.w3.org\/2000\/svg\"><path d=\"M190.5 66.9l22.2-22.2c9.4-9.4 24.6-9.4 33.9 0L441 239c9.4 9.4 9.4 24.6 0 33.9L246.6 467.3c-9.4 9.4-24.6 9.4-33.9 0l-22.2-22.2c-9.5-9.5-9.3-25 .4-34.3L311.4 296H24c-13.3 0-24-10.7-24-24v-32c0-13.3 10.7-24 24-24h287.4L190.9 101.2c-9.8-9.3-10-24.8-.4-34.3z\"><\/path><\/svg>\t\t\t<\/span>\n\t\t\t\t\t\t\t\t\t<span class=\"elementor-button-text\">BUCHUNGSBEDINGUNGEN<\/span>\n\t\t\t\t\t<\/span>\n\t\t\t\t\t<\/a>\n\t\t\t\t\t\t\t\t<\/div>\n\t\t\t\t<div class=\"elementor-element elementor-element-87837b7 elementor-align-center elementor-widget elementor-widget-button\" data-id=\"87837b7\" data-element_type=\"widget\" data-widget_type=\"button.default\">\n\t\t\t\t\t\t\t\t\t\t<a class=\"elementor-button elementor-button-link elementor-size-sm\" href=\"https:\/\/campingsanvicente.com\/faq\/\">\n\t\t\t\t\t\t<span class=\"elementor-button-content-wrapper\">\n\t\t\t\t\t\t<span class=\"elementor-button-icon\">\n\t\t\t\t<svg aria-hidden=\"true\" class=\"e-font-icon-svg e-fas-arrow-right\" viewBox=\"0 0 448 512\" xmlns=\"http:\/\/www.w3.org\/2000\/svg\"><path d=\"M190.5 66.9l22.2-22.2c9.4-9.4 24.6-9.4 33.9 0L441 239c9.4 9.4 9.4 24.6 0 33.9L246.6 467.3c-9.4 9.4-24.6 9.4-33.9 0l-22.2-22.2c-9.5-9.5-9.3-25 .4-34.3L311.4 296H24c-13.3 0-24-10.7-24-24v-32c0-13.3 10.7-24 24-24h287.4L190.9 101.2c-9.8-9.3-10-24.8-.4-34.3z\"><\/path><\/svg>\t\t\t<\/span>\n\t\t\t\t\t\t\t\t\t<span class=\"elementor-button-text\">FAQ<\/span>\n\t\t\t\t\t<\/span>\n\t\t\t\t\t<\/a>\n\t\t\t\t\t\t\t\t<\/div>\n\t\t\t\t<\/div>\n\t\t\t\t\t<\/div>\n\t\t\t\t<\/div>\n\t\t<div class=\"elementor-element elementor-element-10a34e1 e-flex e-con-boxed wpr-parallax-no wpr-sticky-section-no e-con e-parent\" data-id=\"10a34e1\" data-element_type=\"container\" data-settings=\"{&quot;background_background&quot;:&quot;classic&quot;}\">\n\t\t\t\t\t<div class=\"e-con-inner\">\n\t\t<div class=\"elementor-element elementor-element-075f50a e-con-full e-flex wpr-particle-no wpr-jarallax-no wpr-parallax-no wpr-sticky-section-no e-con e-child\" data-id=\"075f50a\" data-element_type=\"container\">\n\t\t\t\t<div class=\"elementor-element elementor-element-09e2fe1 elementor-widget-mobile__width-inherit elementor-widget elementor-widget-image\" data-id=\"09e2fe1\" data-element_type=\"widget\" data-widget_type=\"image.default\">\n\t\t\t\t\t\t\t\t\t\t\t\t\t\t\t\t<a href=\"https:\/\/campingsanvicente.com\/wp-content\/uploads\/2025\/08\/Mapa-Camping-cast-web-2.jpg\" data-elementor-open-lightbox=\"yes\" data-elementor-lightbox-title=\"Mapa-Camping-cast-web-2\" data-e-action-hash=\"#elementor-action%3Aaction%3Dlightbox%26settings%3DeyJpZCI6MzM1MSwidXJsIjoiaHR0cHM6XC9cL2NhbXBpbmdzYW52aWNlbnRlLmNvbVwvd3AtY29udGVudFwvdXBsb2Fkc1wvMjAyNVwvMDhcL01hcGEtQ2FtcGluZy1jYXN0LXdlYi0yLmpwZyJ9\">\n\t\t\t\t\t\t\t<img fetchpriority=\"high\" decoding=\"async\" width=\"1754\" height=\"1240\" src=\"https:\/\/campingsanvicente.com\/wp-content\/uploads\/2025\/08\/Mapa-Camping-cast-web-2.jpg\" class=\"attachment-full size-full wp-image-3351\" alt=\"\" srcset=\"https:\/\/campingsanvicente.com\/wp-content\/uploads\/2025\/08\/Mapa-Camping-cast-web-2.jpg 1754w, https:\/\/campingsanvicente.com\/wp-content\/uploads\/2025\/08\/Mapa-Camping-cast-web-2-300x212.jpg 300w, https:\/\/campingsanvicente.com\/wp-content\/uploads\/2025\/08\/Mapa-Camping-cast-web-2-1024x724.jpg 1024w, https:\/\/campingsanvicente.com\/wp-content\/uploads\/2025\/08\/Mapa-Camping-cast-web-2-768x543.jpg 768w, https:\/\/campingsanvicente.com\/wp-content\/uploads\/2025\/08\/Mapa-Camping-cast-web-2-1536x1086.jpg 1536w\" sizes=\"(max-width: 1754px) 100vw, 1754px\" \/>\t\t\t\t\t\t\t\t<\/a>\n\t\t\t\t\t\t\t\t\t\t\t\t\t\t\t<\/div>\n\t\t\t\t<\/div>\n\t\t\t\t\t<\/div>\n\t\t\t\t<\/div>\n\t\t\t\t<\/div>\n\t\t","protected":false},"excerpt":{"rendered":"<p>Stellpl\u00e4tze \/ Parzellen Willkommen auf Ihrem Campingplatz am Meer, Camping San Vicente, in Xeraco Playa. Unsere Stellpl\u00e4tze sind mit schattenspendenden B\u00e4umen ums\u00e4umt. Wir bieten Ihnen alle Dienstleistungen f\u00fcr einen perfekten Urlaub. Die Stellpl\u00e4tze sind kostenlos und die Preise variieren je nachdem, was Sie dazu buchen m\u00f6chten. Die Serviceleistungen unserer Parzellen sind: Strom, Wasser undGemeinschaftsb\u00e4der mit Warmwasser. ACSII Preis pro Tag = \u201eStellplatz gratis\u201c kostenfrei + Anzahl der Erwachsenen + Anzahl der Kinder + Stromanschluss + weitere Einheiten2 Personen + Camper\/Caravan + Strom = 16 \u20ac \/ Tag in der Nebensaison | 7 = 6 Tage Winter Langzeitpreise von Oktober bis einschlie\u00dflich Februar 7,00 \u20ac pro Tag zzgl. StromPreis gilt ab 2 Monate Aufenthalt Stellpl\u00e4tze: Check-in\/Check-out: 12:00 UhrKiesboden und verschiedene Baumarten. Sonnige Stellpl\u00e4tze mit 85 % Schatten.Ein Wohnmobil oder ein Auto mit Zelt\/Wohnwagen etc. kann aufgestellt werden. Umz\u00e4unungen, Z\u00e4une oder feste Bauten sind nicht erlaubt.Hunde sind erlaubt, sofern sie angeleint sind und nicht frei herumlaufen.Stromanschluss (10 A) oder (5\/6 A), Kabel nicht inklusive (15\u201320 m). Stellplatzarten: Stellplatz und Wildcampen.Sowohl Stellpl\u00e4tze als auch Wildcampen sind kostenlos; es fallen lediglich Geb\u00fchren f\u00fcr die jeweils angegebenen Leistungen an. Zum Beispiel: Zelt + Personen + Kinder + Strom etc. BUCHUNGSBEDINGUNGEN FAQ<\/p>\n","protected":false},"author":1,"featured_media":0,"parent":0,"menu_order":3,"comment_status":"closed","ping_status":"closed","template":"elementor_canvas","meta":{"footnotes":""},"class_list":["post-3442","page","type-page","status-publish","hentry"],"_links":{"self":[{"href":"https:\/\/campingsanvicente.com\/de\/wp-json\/wp\/v2\/pages\/3442","targetHints":{"allow":["GET"]}}],"collection":[{"href":"https:\/\/campingsanvicente.com\/de\/wp-json\/wp\/v2\/pages"}],"about":[{"href":"https:\/\/campingsanvicente.com\/de\/wp-json\/wp\/v2\/types\/page"}],"author":[{"embeddable":true,"href":"https:\/\/campingsanvicente.com\/de\/wp-json\/wp\/v2\/users\/1"}],"replies":[{"embeddable":true,"href":"https:\/\/campingsanvicente.com\/de\/wp-json\/wp\/v2\/comments?post=3442"}],"version-history":[{"count":25,"href":"https:\/\/campingsanvicente.com\/de\/wp-json\/wp\/v2\/pages\/3442\/revisions"}],"predecessor-version":[{"id":6812,"href":"https:\/\/campingsanvicente.com\/de\/wp-json\/wp\/v2\/pages\/3442\/revisions\/6812"}],"wp:attachment":[{"href":"https:\/\/campingsanvicente.com\/de\/wp-json\/wp\/v2\/media?parent=3442"}],"curies":[{"name":"wp","href":"https:\/\/api.w.org\/{rel}","templated":true}]}}