{"id":3427,"date":"2021-12-23T12:31:10","date_gmt":"2021-12-23T12:31:10","guid":{"rendered":"https:\/\/campingsanvicente.com\/disponibilidad\/"},"modified":"2025-12-04T10:54:20","modified_gmt":"2025-12-04T10:54:20","slug":"verfuegbarkeit","status":"publish","type":"page","link":"https:\/\/campingsanvicente.com\/de\/verfuegbarkeit\/","title":{"rendered":"Verf\u00fcgbarkeit"},"content":{"rendered":"\t\t<div data-elementor-type=\"wp-page\" data-elementor-id=\"3427\" class=\"elementor elementor-3427 elementor-177\" data-elementor-post-type=\"page\">\n\t\t\t\t<div class=\"elementor-element elementor-element-a58eed2 e-con-full e-flex wpr-particle-no wpr-jarallax-no wpr-parallax-no wpr-sticky-section-no e-con e-parent\" data-id=\"a58eed2\" data-element_type=\"container\">\n\t\t\t\t<div class=\"elementor-element elementor-element-cbf566a elementor-widget elementor-widget-text-editor\" data-id=\"cbf566a\" data-element_type=\"widget\" data-widget_type=\"text-editor.default\">\n\t\t\t\t\t\t\t\t\t\t\t<div data-elementor-type=\"section\" data-elementor-id=\"2722\" class=\"elementor elementor-2722\" data-elementor-post-type=\"elementor_library\">\n\t\t\t\t\t<section class=\"elementor-section elementor-top-section elementor-element elementor-element-46f5c90c elementor-section-height-min-height elementor-section-boxed elementor-section-height-default elementor-section-items-middle wpr-particle-no wpr-jarallax-no wpr-parallax-no wpr-sticky-section-no\" data-id=\"46f5c90c\" data-element_type=\"section\" data-settings=\"{&quot;background_background&quot;:&quot;classic&quot;}\">\n\t\t\t\t\t\t\t<div class=\"elementor-background-overlay\"><\/div>\n\t\t\t\t\t\t\t<div class=\"elementor-container elementor-column-gap-default\">\n\t\t\t\t\t<div class=\"elementor-column elementor-col-100 elementor-top-column elementor-element elementor-element-c5c0b8f\" data-id=\"c5c0b8f\" data-element_type=\"column\">\n\t\t\t<div class=\"elementor-widget-wrap elementor-element-populated\">\n\t\t\t\t\t\t\t<\/div>\n\t\t<\/div>\n\t\t\t\t\t<\/div>\n\t\t<\/section>\n\t\t\t\t<\/div>\n\t\t\t\t\t\t\t\t\t\t<\/div>\n\t\t\t\t<\/div>\n\t\t\t\t<section class=\"elementor-section elementor-top-section elementor-element elementor-element-a412204 elementor-section-boxed elementor-section-height-default elementor-section-height-default wpr-parallax-no wpr-sticky-section-no\" data-id=\"a412204\" data-element_type=\"section\" data-settings=\"{&quot;background_background&quot;:&quot;classic&quot;}\">\n\t\t\t\t\t\t<div class=\"elementor-container elementor-column-gap-default\">\n\t\t\t\t\t<div class=\"elementor-column elementor-col-100 elementor-top-column elementor-element elementor-element-4d1b4ee\" data-id=\"4d1b4ee\" data-element_type=\"column\">\n\t\t\t<div class=\"elementor-widget-wrap elementor-element-populated\">\n\t\t\t\t\t\t<div class=\"elementor-element elementor-element-5afdc56 elementor-widget__width-inherit elementor-widget elementor-widget-heading\" data-id=\"5afdc56\" data-element_type=\"widget\" data-widget_type=\"heading.default\">\n\t\t\t\t\t<h2 class=\"elementor-heading-title elementor-size-default\">Verf\u00fcgbarkeit pr\u00fcfen<\/h2>\t\t\t\t<\/div>\n\t\t\t\t<div class=\"elementor-element elementor-element-3a986c5 elementor-widget-divider--view-line elementor-widget elementor-widget-divider\" data-id=\"3a986c5\" data-element_type=\"widget\" data-widget_type=\"divider.default\">\n\t\t\t\t\t\t\t<div class=\"elementor-divider\">\n\t\t\t<span class=\"elementor-divider-separator\">\n\t\t\t\t\t\t<\/span>\n\t\t<\/div>\n\t\t\t\t\t\t<\/div>\n\t\t\t\t<div class=\"elementor-element elementor-element-b8b1a7b wpr-forms-submit-center wpr-forms-align-center elementor-widget elementor-widget-wpr-forms\" data-id=\"b8b1a7b\" data-element_type=\"widget\" data-widget_type=\"wpr-forms.default\">\n\t\t\t\t\t<div class=\"wpr-forms-container wpr-custom-chk-radio\">\n<div class=\"wpcf7 no-js\" id=\"wpcf7-f3877-o1\" lang=\"de-DE\" dir=\"ltr\" data-wpcf7-id=\"3877\">\n<div class=\"screen-reader-response\"><p role=\"status\" aria-live=\"polite\" aria-atomic=\"true\"><\/p> <ul><\/ul><\/div>\n<form action=\"\/de\/wp-json\/wp\/v2\/pages\/3427#wpcf7-f3877-o1\" method=\"post\" class=\"wpcf7-form init\" aria-label=\"Kontaktformular\" novalidate=\"novalidate\" data-status=\"init\">\n<fieldset class=\"hidden-fields-container\"><input type=\"hidden\" name=\"_wpcf7\" value=\"3877\" \/><input type=\"hidden\" name=\"_wpcf7_version\" value=\"6.1.3\" \/><input type=\"hidden\" name=\"_wpcf7_locale\" value=\"de_DE\" \/><input type=\"hidden\" name=\"_wpcf7_unit_tag\" value=\"wpcf7-f3877-o1\" \/><input type=\"hidden\" name=\"_wpcf7_container_post\" value=\"0\" \/><input type=\"hidden\" name=\"_wpcf7_posted_data_hash\" value=\"\" \/>\n<\/fieldset>\n<style>\n\/* ====== Mobile-first ====== *\/\n.wpcf7-form .cf7-compact-form{\n display: grid;\n grid-template-columns: 1fr; \/* 1 columna en m\u00f3vil *\/\n gap: 20px;\n}\n.wpcf7-form .cf7-compact-form .full-width{\n grid-column: 1 \/ -1;\n}\n.wpcf7-form .cf7-compact-form .split-col{\n display: grid;\n grid-template-columns: 1fr; \/* 1 columna en m\u00f3vil *\/\n gap: 20px;\n}\n.wpcf7-form .cf7-compact-form label{\n display: block;\n margin-bottom: 5px;\n font-weight: 500;\n}\n.wpcf7-form .cf7-compact-form input,\n.wpcf7-form .cf7-compact-form select{\n width: 100%;\n padding: 10px;\n border: 1px solid #ddd;\n border-radius: 4px;\n box-sizing: border-box;\n}\n\/* Bot\u00f3n ancho y centrado *\/\n.wpcf7-form .cf7-compact-form input[type=\"submit\"]{\n width: 100%;\n}\n\n\/* ====== A partir de tablet\/desktop: 2 columnas ====== *\/\n@media (min-width: 768px){\n .wpcf7-form .cf7-compact-form{\n grid-template-columns: repeat(2, 1fr);\n }\n .wpcf7-form .cf7-compact-form .split-col{\n grid-template-columns: 1fr 1fr; \/* 2 columnas en desktop *\/\n }\n}\n<\/style>\n<div class=\"cf7-compact-form\">\n\t<div>\n\t\t<p><label for=\"tu-nombre\">Nombre<\/label><br \/>\n<span class=\"wpcf7-form-control-wrap\" data-name=\"tu-nombre\"><input size=\"40\" maxlength=\"400\" class=\"wpcf7-form-control wpcf7-text wpcf7-validates-as-required\" aria-required=\"true\" aria-invalid=\"false\" placeholder=\"Nombre\" value=\"\" type=\"text\" name=\"tu-nombre\" \/><\/span>\n\t\t<\/p>\n\t<\/div>\n\t<div>\n\t\t<p><label for=\"tus-apellidos\">Apellidos<\/label><br \/>\n<span class=\"wpcf7-form-control-wrap\" data-name=\"tus-apellidos\"><input size=\"40\" maxlength=\"400\" class=\"wpcf7-form-control wpcf7-text wpcf7-validates-as-required\" aria-required=\"true\" aria-invalid=\"false\" placeholder=\"Apellidos\" value=\"\" type=\"text\" name=\"tus-apellidos\" \/><\/span>\n\t\t<\/p>\n\t<\/div>\n\t<div>\n\t\t<p><label for=\"tu-telefono\">Tel\u00e9fono<\/label><br \/>\n<span class=\"wpcf7-form-control-wrap\" data-name=\"tu-telefono\"><input size=\"40\" maxlength=\"400\" class=\"wpcf7-form-control wpcf7-tel wpcf7-validates-as-required wpcf7-text wpcf7-validates-as-tel\" aria-required=\"true\" aria-invalid=\"false\" placeholder=\"+34 600 000 000\" value=\"\" type=\"tel\" name=\"tu-telefono\" \/><\/span>\n\t\t<\/p>\n\t<\/div>\n\t<div>\n\t\t<p><label for=\"tu-email\">Email<\/label><br \/>\n<span class=\"wpcf7-form-control-wrap\" data-name=\"tu-email\"><input size=\"40\" maxlength=\"400\" class=\"wpcf7-form-control wpcf7-email wpcf7-validates-as-required wpcf7-text wpcf7-validates-as-email\" aria-required=\"true\" aria-invalid=\"false\" placeholder=\"tu@email.com\" value=\"\" type=\"email\" name=\"tu-email\" \/><\/span>\n\t\t<\/p>\n\t<\/div>\n\t<div class=\"split-col\">\n\t\t<div>\n\t\t\t<p><label for=\"Cuantos-adultos-son\">Adultos<\/label><br \/>\n<span class=\"wpcf7-form-control-wrap\" data-name=\"tus-adultos\"><input class=\"wpcf7-form-control wpcf7-number wpcf7-validates-as-required wpcf7-validates-as-number\" min=\"1\" max=\"20\" aria-required=\"true\" aria-invalid=\"false\" placeholder=\"2\" value=\"\" type=\"number\" name=\"tus-adultos\" \/><\/span>\n\t\t\t<\/p>\n\t\t<\/div>\n\t\t<div>\n\t\t\t<p><label for=\"cuantos-menores-son\">Menores<\/label><br \/>\n<span class=\"wpcf7-form-control-wrap\" data-name=\"tus-menores\"><input class=\"wpcf7-form-control wpcf7-number wpcf7-validates-as-number\" min=\"0\" max=\"20\" aria-invalid=\"false\" placeholder=\"0\" value=\"\" type=\"number\" name=\"tus-menores\" \/><\/span>\n\t\t\t<\/p>\n\t\t<\/div>\n\t<\/div>\n\t<div>\n\t\t<p><label for=\"tipo-de-alojamiento\">Tipo de alojamiento<\/label><br \/>\n<span class=\"wpcf7-form-control-wrap\" data-name=\"tu-alojamiento\"><select class=\"wpcf7-form-control wpcf7-select wpcf7-validates-as-required\" aria-required=\"true\" aria-invalid=\"false\" name=\"tu-alojamiento\"><option value=\"\">&#8211; Bitte ausw\u00e4hlen &#8211;<\/option><option value=\"Estudios\">Estudios<\/option><option value=\"Casitas de Madera\">Casitas de Madera<\/option><option value=\"Bungalows\">Bungalows<\/option><option value=\"Chalets\">Chalets<\/option><option value=\"Apartamentos\">Apartamentos<\/option><\/select><\/span>\n\t\t<\/p>\n\t<\/div>\n\t<div>\n\t\t<p><label for=\"fecha-de-entrada\">Entrada<\/label><br \/>\n<span class=\"wpcf7-form-control-wrap\" data-name=\"tu-fecha-inicio\"><input class=\"wpcf7-form-control wpcf7-date wpcf7-validates-as-required wpcf7-validates-as-date\" aria-required=\"true\" aria-invalid=\"false\" value=\"\" type=\"date\" name=\"tu-fecha-inicio\" \/><\/span>\n\t\t<\/p>\n\t<\/div>\n\t<div>\n\t\t<p><label for=\"fecha-de-salida\">Salida<\/label><br \/>\n<span class=\"wpcf7-form-control-wrap\" data-name=\"tu-fecha-fin\"><input class=\"wpcf7-form-control wpcf7-date wpcf7-validates-as-required wpcf7-validates-as-date\" aria-required=\"true\" aria-invalid=\"false\" value=\"\" type=\"date\" name=\"tu-fecha-fin\" \/><\/span>\n\t\t<\/p>\n\t<\/div>\n\t<div class=\"full-width\" style=\"text-align:center; margin-top:10px;\">\n\t\t<p><label for=\"boton-de-enviar\"><input class=\"wpcf7-form-control wpcf7-submit has-spinner\" type=\"submit\" value=\"Enviar\" \/><\/label>\n\t\t<\/p>\n\t<\/div>\n<\/div><div class=\"wpcf7-response-output\" aria-hidden=\"true\"><\/div>\n<\/form>\n<\/div>\n<\/div>\t\t\t\t<\/div>\n\t\t\t\t\t<\/div>\n\t\t<\/div>\n\t\t\t\t\t<\/div>\n\t\t<\/section>\n\t\t\t\t<\/div>\n\t\t","protected":false},"excerpt":{"rendered":"<p>Verf\u00fcgbarkeit pr\u00fcfen Nombre Apellidos Tel\u00e9fono Email Adultos Menores Tipo de alojamiento &#8212;Por favor, elige una opci\u00f3n&#8212;EstudiosCasitas de MaderaBungalowsChaletsApartamentos Entrada Salida<\/p>\n","protected":false},"author":1,"featured_media":0,"parent":0,"menu_order":1,"comment_status":"closed","ping_status":"closed","template":"elementor_canvas","meta":{"footnotes":""},"class_list":["post-3427","page","type-page","status-publish","hentry"],"_links":{"self":[{"href":"https:\/\/campingsanvicente.com\/de\/wp-json\/wp\/v2\/pages\/3427","targetHints":{"allow":["GET"]}}],"collection":[{"href":"https:\/\/campingsanvicente.com\/de\/wp-json\/wp\/v2\/pages"}],"about":[{"href":"https:\/\/campingsanvicente.com\/de\/wp-json\/wp\/v2\/types\/page"}],"author":[{"embeddable":true,"href":"https:\/\/campingsanvicente.com\/de\/wp-json\/wp\/v2\/users\/1"}],"replies":[{"embeddable":true,"href":"https:\/\/campingsanvicente.com\/de\/wp-json\/wp\/v2\/comments?post=3427"}],"version-history":[{"count":14,"href":"https:\/\/campingsanvicente.com\/de\/wp-json\/wp\/v2\/pages\/3427\/revisions"}],"predecessor-version":[{"id":5298,"href":"https:\/\/campingsanvicente.com\/de\/wp-json\/wp\/v2\/pages\/3427\/revisions\/5298"}],"wp:attachment":[{"href":"https:\/\/campingsanvicente.com\/de\/wp-json\/wp\/v2\/media?parent=3427"}],"curies":[{"name":"wp","href":"https:\/\/api.w.org\/{rel}","templated":true}]}}