{"id":3417,"date":"2025-08-06T09:19:05","date_gmt":"2025-08-06T09:19:05","guid":{"rendered":"https:\/\/campingsanvicente.com\/estudios-2\/"},"modified":"2026-02-12T12:34:21","modified_gmt":"2026-02-12T12:34:21","slug":"estudios-2","status":"publish","type":"page","link":"https:\/\/campingsanvicente.com\/de\/estudios-2\/","title":{"rendered":"Studios 2"},"content":{"rendered":"\t\t<div data-elementor-type=\"wp-page\" data-elementor-id=\"3417\" class=\"elementor elementor-3417 elementor-1851\" data-elementor-post-type=\"page\">\n\t\t\t\t<div class=\"elementor-element elementor-element-00c8930 e-con-full e-flex wpr-particle-no wpr-jarallax-no wpr-parallax-no wpr-sticky-section-no e-con e-parent\" data-id=\"00c8930\" data-element_type=\"container\">\n\t\t\t\t<div class=\"elementor-element elementor-element-53f14b8 elementor-widget elementor-widget-text-editor\" data-id=\"53f14b8\" data-element_type=\"widget\" data-widget_type=\"text-editor.default\">\n\t\t\t\t\t\t\t\t\t\t\t<div data-elementor-type=\"section\" data-elementor-id=\"2722\" class=\"elementor elementor-2722\" data-elementor-post-type=\"elementor_library\">\n\t\t\t\t\t<section class=\"elementor-section elementor-top-section elementor-element elementor-element-46f5c90c elementor-section-height-min-height elementor-section-boxed elementor-section-height-default elementor-section-items-middle wpr-particle-no wpr-jarallax-no wpr-parallax-no wpr-sticky-section-no\" data-id=\"46f5c90c\" data-element_type=\"section\" data-settings=\"{&quot;background_background&quot;:&quot;classic&quot;}\">\n\t\t\t\t\t\t\t<div class=\"elementor-background-overlay\"><\/div>\n\t\t\t\t\t\t\t<div class=\"elementor-container elementor-column-gap-default\">\n\t\t\t\t\t<div class=\"elementor-column elementor-col-100 elementor-top-column elementor-element elementor-element-c5c0b8f\" data-id=\"c5c0b8f\" data-element_type=\"column\">\n\t\t\t<div class=\"elementor-widget-wrap elementor-element-populated\">\n\t\t\t\t\t\t\t<\/div>\n\t\t<\/div>\n\t\t\t\t\t<\/div>\n\t\t<\/section>\n\t\t\t\t<\/div>\n\t\t\t\t\t\t\t\t\t\t<\/div>\n\t\t\t\t<\/div>\n\t\t<div class=\"elementor-element elementor-element-51565fb e-flex e-con-boxed wpr-parallax-no wpr-sticky-section-no e-con e-parent\" data-id=\"51565fb\" data-element_type=\"container\" data-settings=\"{&quot;background_background&quot;:&quot;classic&quot;}\">\n\t\t\t\t\t<div class=\"e-con-inner\">\n\t\t<div class=\"elementor-element elementor-element-354a497 e-con-full e-flex wpr-particle-no wpr-jarallax-no wpr-parallax-no wpr-sticky-section-no e-con e-child\" data-id=\"354a497\" data-element_type=\"container\">\n\t\t\t\t<div class=\"elementor-element elementor-element-1a4f4ca elementor-widget__width-inherit elementor-widget elementor-widget-heading\" data-id=\"1a4f4ca\" data-element_type=\"widget\" data-widget_type=\"heading.default\">\n\t\t\t\t\t<h3 class=\"elementor-heading-title elementor-size-default\">Studio f\u00fcr 2 Personen<\/h3>\t\t\t\t<\/div>\n\t\t\t\t<div class=\"elementor-element elementor-element-6d7d254 elementor-widget-divider--view-line elementor-widget elementor-widget-divider\" data-id=\"6d7d254\" data-element_type=\"widget\" data-widget_type=\"divider.default\">\n\t\t\t\t\t\t\t<div class=\"elementor-divider\">\n\t\t\t<span class=\"elementor-divider-separator\">\n\t\t\t\t\t\t<\/span>\n\t\t<\/div>\n\t\t\t\t\t\t<\/div>\n\t\t\t\t<div class=\"elementor-element elementor-element-38b3124 elementor-widget elementor-widget-text-editor\" data-id=\"38b3124\" data-element_type=\"widget\" data-widget_type=\"text-editor.default\">\n\t\t\t\t\t\t\t\t\t<p>Ideale Unterkunft f\u00fcr 2 Personen mit 1 Doppelbett und 1 Sofabett oder einem zus\u00e4tzlichen kleinen Bett. Die Aufteilung variiert je nach dem gew\u00e4hlten Modell.<\/p><p>Diese Unterkunft verf\u00fcgt \u00fcber eine Wohnk\u00fcche mit K\u00fchlschrank, Fernseher, Mikrowelle und allen notwendigen Utensilien, 1 komplettes Badezimmer und eine kleine Veranda mit Tischen und St\u00fchlen f\u00fcr drau\u00dfen. Diese Annehmlichkeiten sorgen daf\u00fcr, dass Sie eine fantastische Zeit w\u00e4hrend der warmen Jahreszeit verbringen.<\/p><p>Wir haben verschiedene Arten von Studios zu Ihrer Verf\u00fcgung. Kontaktieren Sie uns bei Ihrer Reservierung und wir informieren Sie \u00fcber das Studio, das Ihren Bed\u00fcrfnissen am besten entspricht.<\/p>\t\t\t\t\t\t\t\t<\/div>\n\t\t\t\t<\/div>\n\t\t<div class=\"elementor-element elementor-element-7bd36d9 e-con-full e-flex wpr-particle-no wpr-jarallax-no wpr-parallax-no wpr-sticky-section-no e-con e-child\" data-id=\"7bd36d9\" data-element_type=\"container\">\n\t\t\t\t<div class=\"elementor-element elementor-element-a64de34 e-transform elementor-widget elementor-widget-image-carousel\" data-id=\"a64de34\" data-element_type=\"widget\" data-settings=\"{&quot;slides_to_show&quot;:&quot;1&quot;,&quot;navigation&quot;:&quot;none&quot;,&quot;autoplay_speed&quot;:2000,&quot;speed&quot;:1000,&quot;slides_to_show_tablet&quot;:&quot;1&quot;,&quot;_transform_scale_effect_mobile&quot;:{&quot;unit&quot;:&quot;px&quot;,&quot;size&quot;:1.6,&quot;sizes&quot;:[]},&quot;autoplay&quot;:&quot;yes&quot;,&quot;pause_on_hover&quot;:&quot;yes&quot;,&quot;pause_on_interaction&quot;:&quot;yes&quot;,&quot;infinite&quot;:&quot;yes&quot;,&quot;effect&quot;:&quot;slide&quot;,&quot;_transform_scale_effect&quot;:{&quot;unit&quot;:&quot;px&quot;,&quot;size&quot;:&quot;&quot;,&quot;sizes&quot;:[]},&quot;_transform_scale_effect_tablet&quot;:{&quot;unit&quot;:&quot;px&quot;,&quot;size&quot;:&quot;&quot;,&quot;sizes&quot;:[]}}\" data-widget_type=\"image-carousel.default\">\n\t\t\t\t\t\t\t<div class=\"elementor-image-carousel-wrapper swiper\" role=\"region\" aria-roledescription=\"carousel\" aria-label=\"Carrusel de im\u00e1genes\" dir=\"ltr\">\n\t\t\t<div class=\"elementor-image-carousel swiper-wrapper\" aria-live=\"off\">\n\t\t\t\t\t\t\t\t<div class=\"swiper-slide\" role=\"group\" aria-roledescription=\"slide\" aria-label=\"1 von 4\"><a data-elementor-open-lightbox=\"yes\" data-elementor-lightbox-slideshow=\"a64de34\" data-elementor-lightbox-title=\"estudios_2-1.jpg\" data-e-action-hash=\"#elementor-action%3Aaction%3Dlightbox%26settings%3DeyJpZCI6NjY1MCwidXJsIjoiaHR0cHM6XC9cL2NhbXBpbmdzYW52aWNlbnRlLmNvbVwvd3AtY29udGVudFwvdXBsb2Fkc1wvMjAyNlwvMDJcL2VzdHVkaW9zXzItMS0xLmpwZyIsInNsaWRlc2hvdyI6ImE2NGRlMzQifQ%3D%3D\" href=\"https:\/\/campingsanvicente.com\/wp-content\/uploads\/2026\/02\/estudios_2-1-1.jpg\"><figure class=\"swiper-slide-inner\"><img decoding=\"async\" class=\"swiper-slide-image\" src=\"https:\/\/campingsanvicente.com\/wp-content\/uploads\/2026\/02\/estudios_2-1-1.jpg\" alt=\"estudios_2-1.jpg\" \/><\/figure><\/a><\/div><div class=\"swiper-slide\" role=\"group\" aria-roledescription=\"slide\" aria-label=\"2 von 4\"><a data-elementor-open-lightbox=\"yes\" data-elementor-lightbox-slideshow=\"a64de34\" data-elementor-lightbox-title=\"estudios_2-6.jpg\" data-e-action-hash=\"#elementor-action%3Aaction%3Dlightbox%26settings%3DeyJpZCI6NjY1MSwidXJsIjoiaHR0cHM6XC9cL2NhbXBpbmdzYW52aWNlbnRlLmNvbVwvd3AtY29udGVudFwvdXBsb2Fkc1wvMjAyNlwvMDJcL2VzdHVkaW9zXzItNi0xLmpwZyIsInNsaWRlc2hvdyI6ImE2NGRlMzQifQ%3D%3D\" href=\"https:\/\/campingsanvicente.com\/wp-content\/uploads\/2026\/02\/estudios_2-6-1.jpg\"><figure class=\"swiper-slide-inner\"><img decoding=\"async\" class=\"swiper-slide-image\" src=\"https:\/\/campingsanvicente.com\/wp-content\/uploads\/2026\/02\/estudios_2-6-1.jpg\" alt=\"estudios_2-6.jpg\" \/><\/figure><\/a><\/div><div class=\"swiper-slide\" role=\"group\" aria-roledescription=\"slide\" aria-label=\"3 von 4\"><a data-elementor-open-lightbox=\"yes\" data-elementor-lightbox-slideshow=\"a64de34\" data-elementor-lightbox-title=\"estudios_2-5.jpg\" data-e-action-hash=\"#elementor-action%3Aaction%3Dlightbox%26settings%3DeyJpZCI6NjY1MiwidXJsIjoiaHR0cHM6XC9cL2NhbXBpbmdzYW52aWNlbnRlLmNvbVwvd3AtY29udGVudFwvdXBsb2Fkc1wvMjAyNlwvMDJcL2VzdHVkaW9zXzItNS0xLmpwZyIsInNsaWRlc2hvdyI6ImE2NGRlMzQifQ%3D%3D\" href=\"https:\/\/campingsanvicente.com\/wp-content\/uploads\/2026\/02\/estudios_2-5-1.jpg\"><figure class=\"swiper-slide-inner\"><img decoding=\"async\" class=\"swiper-slide-image\" src=\"https:\/\/campingsanvicente.com\/wp-content\/uploads\/2026\/02\/estudios_2-5-1.jpg\" alt=\"estudios_2-5.jpg\" \/><\/figure><\/a><\/div><div class=\"swiper-slide\" role=\"group\" aria-roledescription=\"slide\" aria-label=\"4 von 4\"><a data-elementor-open-lightbox=\"yes\" data-elementor-lightbox-slideshow=\"a64de34\" data-elementor-lightbox-title=\"estudios_2-1.webp\" data-e-action-hash=\"#elementor-action%3Aaction%3Dlightbox%26settings%3DeyJpZCI6NjY1MywidXJsIjoiaHR0cHM6XC9cL2NhbXBpbmdzYW52aWNlbnRlLmNvbVwvd3AtY29udGVudFwvdXBsb2Fkc1wvMjAyNlwvMDJcL2VzdHVkaW9zXzItMS0xLndlYnAiLCJzbGlkZXNob3ciOiJhNjRkZTM0In0%3D\" href=\"https:\/\/campingsanvicente.com\/wp-content\/uploads\/2026\/02\/estudios_2-1-1.webp\"><figure class=\"swiper-slide-inner\"><img decoding=\"async\" class=\"swiper-slide-image\" src=\"https:\/\/campingsanvicente.com\/wp-content\/uploads\/2026\/02\/estudios_2-1-1.webp\" alt=\"estudios_2-1.webp\" \/><\/figure><\/a><\/div>\t\t\t<\/div>\n\t\t\t\t\t\t\t\n\t\t\t\t\t\t\t\t\t<\/div>\n\t\t\t\t\t\t<\/div>\n\t\t\t\t<\/div>\n\t\t\t\t\t<\/div>\n\t\t\t\t<\/div>\n\t\t<div class=\"elementor-element elementor-element-754e7c1 e-flex e-con-boxed wpr-parallax-no wpr-sticky-section-no e-con e-parent\" data-id=\"754e7c1\" data-element_type=\"container\" data-settings=\"{&quot;background_background&quot;:&quot;classic&quot;}\">\n\t\t\t\t\t<div class=\"e-con-inner\">\n\t\t\t\t<div class=\"elementor-element elementor-element-6f77dbc elementor-widget elementor-widget-text-editor\" data-id=\"6f77dbc\" data-element_type=\"widget\" data-widget_type=\"text-editor.default\">\n\t\t\t\t\t\t\t\t\t<ul><li>Die Einfahrt von Fahrzeugen in den Campingplatz ist verboten; Fahrzeuge der Unterkunft werden auf dem kostenlosen Parkplatz vor dem Campingplatz abgestellt.<\/li><li>Die Reservierung erfordert eine Vorauszahlung von mindestens 50%. Wenn Sie es vorziehen, k\u00f6nnen Sie den vollen Betrag im Voraus bezahlen.<\/li><li>Kaution in bar erforderlich: Studios 60\u20ac, andere Unterk\u00fcnfte 100\u20ac.<\/li><li>Die Kaution wird zur\u00fcckerstattet, wenn die Unterkunft in einem sauberen und ordentlichen Zustand (frei von M\u00fcll und mit sauberem Geschirr) \u00fcbergeben wird.<\/li><li>Check-in-Zeit (Hochsaison): 17:00 Uhr, aber Sie k\u00f6nnen auch fr\u00fcher kommen, wenn die Unterkunft von unserem Reinigungspersonal gereinigt wurde.<\/li><li>In der Neben-\/Mittelsaison k\u00f6nnen Sie von 12:00 bis 16:00 Uhr einchecken (bitte vorher telefonisch erfragen).<\/li><li>Check-out-Zeit (Nebensaison): 11:30 Uhr. Wenn Sie auschecken, wird Ihre Unterkunft \u00fcberpr\u00fcft werden. Bitte beachten Sie, dass diese Prozedur zwischen 5 und 10 Minuten dauert. Die Kaution wird zur\u00fcckerstattet, wenn die Unterkunft im gleichen sauberen und ordentlichen Zustand zur\u00fcckgegeben wird.<\/li><li>Maximale Belegung: 2 Personen (Erwachsener, Kind oder Baby).<\/li><li>Doppelbett 1,35 cm + Zusatzbett 80 cm.<\/li><li>Bettlaken, Handt\u00fccher und Decken sind nicht inbegriffen.<\/li><li>Hunde sind erlaubt, solange sie immer an der Leine gef\u00fchrt werden und niemals frei laufen (es ist strengstens verboten, dass Haustiere auf die M\u00f6bel des Hauses klettern). Zus\u00e4tzliche Kosten je nach Saison: 1,50\u20ac (Nebensaison) \u2013 1,80\u20ac (Juli) \u2013 2,00\u20ac (August).<\/li><\/ul>\t\t\t\t\t\t\t\t<\/div>\n\t\t<div class=\"elementor-element elementor-element-bb79108 e-con-full e-flex wpr-particle-no wpr-jarallax-no wpr-parallax-no wpr-sticky-section-no e-con e-child\" data-id=\"bb79108\" data-element_type=\"container\">\n\t\t\t\t<div class=\"elementor-element elementor-element-ab54dd2 elementor-align-center elementor-widget elementor-widget-button\" data-id=\"ab54dd2\" data-element_type=\"widget\" data-widget_type=\"button.default\">\n\t\t\t\t\t\t\t\t\t\t<a class=\"elementor-button elementor-button-link elementor-size-sm\" href=\"https:\/\/campingsanvicente.com\/condiciones-de-la-reserva\/\">\n\t\t\t\t\t\t<span class=\"elementor-button-content-wrapper\">\n\t\t\t\t\t\t<span class=\"elementor-button-icon\">\n\t\t\t\t<svg aria-hidden=\"true\" class=\"e-font-icon-svg e-fas-arrow-right\" viewBox=\"0 0 448 512\" xmlns=\"http:\/\/www.w3.org\/2000\/svg\"><path d=\"M190.5 66.9l22.2-22.2c9.4-9.4 24.6-9.4 33.9 0L441 239c9.4 9.4 9.4 24.6 0 33.9L246.6 467.3c-9.4 9.4-24.6 9.4-33.9 0l-22.2-22.2c-9.5-9.5-9.3-25 .4-34.3L311.4 296H24c-13.3 0-24-10.7-24-24v-32c0-13.3 10.7-24 24-24h287.4L190.9 101.2c-9.8-9.3-10-24.8-.4-34.3z\"><\/path><\/svg>\t\t\t<\/span>\n\t\t\t\t\t\t\t\t\t<span class=\"elementor-button-text\">BUCHUNGSBEDINGUNGEN<\/span>\n\t\t\t\t\t<\/span>\n\t\t\t\t\t<\/a>\n\t\t\t\t\t\t\t\t<\/div>\n\t\t\t\t<div class=\"elementor-element elementor-element-0ed6be0 elementor-align-center elementor-widget elementor-widget-button\" data-id=\"0ed6be0\" data-element_type=\"widget\" data-widget_type=\"button.default\">\n\t\t\t\t\t\t\t\t\t\t<a class=\"elementor-button elementor-button-link elementor-size-sm\" href=\"https:\/\/campingsanvicente.com\/faq\/\">\n\t\t\t\t\t\t<span class=\"elementor-button-content-wrapper\">\n\t\t\t\t\t\t<span class=\"elementor-button-icon\">\n\t\t\t\t<svg aria-hidden=\"true\" class=\"e-font-icon-svg e-fas-arrow-right\" viewBox=\"0 0 448 512\" xmlns=\"http:\/\/www.w3.org\/2000\/svg\"><path d=\"M190.5 66.9l22.2-22.2c9.4-9.4 24.6-9.4 33.9 0L441 239c9.4 9.4 9.4 24.6 0 33.9L246.6 467.3c-9.4 9.4-24.6 9.4-33.9 0l-22.2-22.2c-9.5-9.5-9.3-25 .4-34.3L311.4 296H24c-13.3 0-24-10.7-24-24v-32c0-13.3 10.7-24 24-24h287.4L190.9 101.2c-9.8-9.3-10-24.8-.4-34.3z\"><\/path><\/svg>\t\t\t<\/span>\n\t\t\t\t\t\t\t\t\t<span class=\"elementor-button-text\">FAQ<\/span>\n\t\t\t\t\t<\/span>\n\t\t\t\t\t<\/a>\n\t\t\t\t\t\t\t\t<\/div>\n\t\t\t\t<\/div>\n\t\t\t\t\t<\/div>\n\t\t\t\t<\/div>\n\t\t<div class=\"elementor-element elementor-element-a9f9a4a e-flex e-con-boxed wpr-parallax-no wpr-sticky-section-no e-con e-parent\" data-id=\"a9f9a4a\" data-element_type=\"container\" data-settings=\"{&quot;background_background&quot;:&quot;classic&quot;}\">\n\t\t\t\t\t<div class=\"e-con-inner\">\n\t\t<div class=\"elementor-element elementor-element-1f7d25d e-con-full e-flex wpr-particle-no wpr-jarallax-no wpr-parallax-no wpr-sticky-section-no e-con e-child\" data-id=\"1f7d25d\" data-element_type=\"container\">\n\t\t\t\t<div class=\"elementor-element elementor-element-3c9bf87 elementor-widget-mobile__width-inherit elementor-widget elementor-widget-image\" data-id=\"3c9bf87\" data-element_type=\"widget\" data-widget_type=\"image.default\">\n\t\t\t\t\t\t\t\t\t\t\t\t\t\t\t\t<a href=\"https:\/\/campingsanvicente.com\/wp-content\/uploads\/2026\/02\/Mapa-Camping-cast-web-2.jpg\" data-elementor-open-lightbox=\"yes\" data-elementor-lightbox-title=\"Mapa-Camping-cast-web-2.jpg\" data-e-action-hash=\"#elementor-action%3Aaction%3Dlightbox%26settings%3DeyJpZCI6IjYzNjciLCJ1cmwiOiJodHRwczpcL1wvY2FtcGluZ3NhbnZpY2VudGUuY29tXC93cC1jb250ZW50XC91cGxvYWRzXC8yMDI2XC8wMlwvTWFwYS1DYW1waW5nLWNhc3Qtd2ViLTIuanBnIn0%3D\">\n\t\t\t\t\t\t\t<img fetchpriority=\"high\" decoding=\"async\" width=\"1754\" height=\"1240\" src=\"https:\/\/campingsanvicente.com\/wp-content\/uploads\/2026\/02\/Mapa-Camping-cast-web-2.jpg\" class=\"attachment-full size-full wp-image-6367\" alt=\"\" srcset=\"https:\/\/campingsanvicente.com\/wp-content\/uploads\/2026\/02\/Mapa-Camping-cast-web-2.jpg 1754w, https:\/\/campingsanvicente.com\/wp-content\/uploads\/2026\/02\/Mapa-Camping-cast-web-2-300x212.jpg 300w, https:\/\/campingsanvicente.com\/wp-content\/uploads\/2026\/02\/Mapa-Camping-cast-web-2-1024x724.jpg 1024w, https:\/\/campingsanvicente.com\/wp-content\/uploads\/2026\/02\/Mapa-Camping-cast-web-2-768x543.jpg 768w, https:\/\/campingsanvicente.com\/wp-content\/uploads\/2026\/02\/Mapa-Camping-cast-web-2-1536x1086.jpg 1536w\" sizes=\"(max-width: 1754px) 100vw, 1754px\" \/>\t\t\t\t\t\t\t\t<\/a>\n\t\t\t\t\t\t\t\t\t\t\t\t\t\t\t<\/div>\n\t\t\t\t<\/div>\n\t\t\t\t\t<\/div>\n\t\t\t\t<\/div>\n\t\t\t\t<\/div>\n\t\t","protected":false},"excerpt":{"rendered":"<p>Studio f\u00fcr 2 Personen Ideale Unterkunft f\u00fcr 2 Personen mit 1 Doppelbett und 1 Sofabett oder einem zus\u00e4tzlichen kleinen Bett. Die Aufteilung variiert je nach dem gew\u00e4hlten Modell. Diese Unterkunft verf\u00fcgt \u00fcber eine Wohnk\u00fcche mit K\u00fchlschrank, Fernseher, Mikrowelle und allen notwendigen Utensilien, 1 komplettes Badezimmer und eine kleine Veranda mit Tischen und St\u00fchlen f\u00fcr drau\u00dfen. Diese Annehmlichkeiten sorgen daf\u00fcr, dass Sie eine fantastische Zeit w\u00e4hrend der warmen Jahreszeit verbringen. Wir haben verschiedene Arten von Studios zu Ihrer Verf\u00fcgung. Kontaktieren Sie uns bei Ihrer Reservierung und wir informieren Sie \u00fcber das Studio, das Ihren Bed\u00fcrfnissen am besten entspricht. Die Einfahrt von Fahrzeugen in den Campingplatz ist verboten; Fahrzeuge der Unterkunft werden auf dem kostenlosen Parkplatz vor dem Campingplatz abgestellt. Die Reservierung erfordert eine Vorauszahlung von mindestens 50%. Wenn Sie es vorziehen, k\u00f6nnen Sie den vollen Betrag im Voraus bezahlen. Kaution in bar erforderlich: Studios 60\u20ac, andere Unterk\u00fcnfte 100\u20ac. Die Kaution wird zur\u00fcckerstattet, wenn die Unterkunft in einem sauberen und ordentlichen Zustand (frei von M\u00fcll und mit sauberem Geschirr) \u00fcbergeben wird. Check-in-Zeit (Hochsaison): 17:00 Uhr, aber Sie k\u00f6nnen auch fr\u00fcher kommen, wenn die Unterkunft von unserem Reinigungspersonal gereinigt wurde. In der Neben-\/Mittelsaison k\u00f6nnen Sie von 12:00 bis 16:00 Uhr einchecken (bitte vorher telefonisch erfragen). Check-out-Zeit (Nebensaison): 11:30 Uhr. Wenn Sie auschecken, wird Ihre Unterkunft \u00fcberpr\u00fcft werden. Bitte beachten Sie, dass diese Prozedur zwischen 5 und 10 Minuten dauert. Die Kaution wird zur\u00fcckerstattet, wenn die Unterkunft im gleichen sauberen und ordentlichen Zustand zur\u00fcckgegeben wird. Maximale Belegung: 2 Personen (Erwachsener, Kind oder Baby). Doppelbett 1,35 cm + Zusatzbett 80 cm. Bettlaken, Handt\u00fccher und Decken sind nicht inbegriffen. Hunde sind erlaubt, solange sie immer an der Leine gef\u00fchrt werden und niemals frei laufen (es ist strengstens verboten, dass Haustiere auf die M\u00f6bel des Hauses klettern). Zus\u00e4tzliche Kosten je nach Saison: 1,50\u20ac (Nebensaison) \u2013 1,80\u20ac (Juli) \u2013 2,00\u20ac (August). BUCHUNGSBEDINGUNGEN FAQ<\/p>\n","protected":false},"author":1,"featured_media":0,"parent":0,"menu_order":3,"comment_status":"closed","ping_status":"closed","template":"elementor_canvas","meta":{"footnotes":""},"class_list":["post-3417","page","type-page","status-publish","hentry"],"_links":{"self":[{"href":"https:\/\/campingsanvicente.com\/de\/wp-json\/wp\/v2\/pages\/3417","targetHints":{"allow":["GET"]}}],"collection":[{"href":"https:\/\/campingsanvicente.com\/de\/wp-json\/wp\/v2\/pages"}],"about":[{"href":"https:\/\/campingsanvicente.com\/de\/wp-json\/wp\/v2\/types\/page"}],"author":[{"embeddable":true,"href":"https:\/\/campingsanvicente.com\/de\/wp-json\/wp\/v2\/users\/1"}],"replies":[{"embeddable":true,"href":"https:\/\/campingsanvicente.com\/de\/wp-json\/wp\/v2\/comments?post=3417"}],"version-history":[{"count":41,"href":"https:\/\/campingsanvicente.com\/de\/wp-json\/wp\/v2\/pages\/3417\/revisions"}],"predecessor-version":[{"id":6675,"href":"https:\/\/campingsanvicente.com\/de\/wp-json\/wp\/v2\/pages\/3417\/revisions\/6675"}],"wp:attachment":[{"href":"https:\/\/campingsanvicente.com\/de\/wp-json\/wp\/v2\/media?parent=3417"}],"curies":[{"name":"wp","href":"https:\/\/api.w.org\/{rel}","templated":true}]}}