{"id":3359,"date":"2025-09-09T06:44:44","date_gmt":"2025-09-09T06:44:44","guid":{"rendered":"https:\/\/campingsanvicente.com\/condiciones-de-la-reserva\/"},"modified":"2026-02-02T14:37:11","modified_gmt":"2026-02-02T14:37:11","slug":"condiciones-de-la-reserva","status":"publish","type":"page","link":"https:\/\/campingsanvicente.com\/de\/condiciones-de-la-reserva\/","title":{"rendered":"Condiciones de la reserva"},"content":{"rendered":"\t\t<div data-elementor-type=\"wp-page\" data-elementor-id=\"3359\" class=\"elementor elementor-3359 elementor-1998\" data-elementor-post-type=\"page\">\n\t\t\t\t<div class=\"elementor-element elementor-element-c8bfcf3 e-flex e-con-boxed wpr-parallax-no wpr-sticky-section-no e-con e-parent\" data-id=\"c8bfcf3\" data-element_type=\"container\" data-settings=\"{&quot;background_background&quot;:&quot;classic&quot;}\">\n\t\t\t\t\t<div class=\"e-con-inner\">\n\t\t<div class=\"elementor-element elementor-element-a387395 e-con-full e-flex wpr-particle-no wpr-jarallax-no wpr-parallax-no wpr-sticky-section-no e-con e-child\" data-id=\"a387395\" data-element_type=\"container\">\n\t\t\t\t<div class=\"elementor-element elementor-element-3c24baa elementor-widget__width-inherit elementor-widget elementor-widget-heading\" data-id=\"3c24baa\" data-element_type=\"widget\" data-widget_type=\"heading.default\">\n\t\t\t\t\t<h3 class=\"elementor-heading-title elementor-size-default\">ALOJAMIENTOS<\/h3>\t\t\t\t<\/div>\n\t\t\t\t<div class=\"elementor-element elementor-element-e79f403 elementor-widget-divider--view-line elementor-widget elementor-widget-divider\" data-id=\"e79f403\" data-element_type=\"widget\" data-widget_type=\"divider.default\">\n\t\t\t\t\t\t\t<div class=\"elementor-divider\">\n\t\t\t<span class=\"elementor-divider-separator\">\n\t\t\t\t\t\t<\/span>\n\t\t<\/div>\n\t\t\t\t\t\t<\/div>\n\t\t\t\t<div class=\"elementor-element elementor-element-45197ec elementor-widget elementor-widget-text-editor\" data-id=\"45197ec\" data-element_type=\"widget\" data-widget_type=\"text-editor.default\">\n\t\t\t\t\t\t\t\t\t<ul><li>Check-in: 17:00 temporada alta, pudiendo entrar antes sin problema alguno si estuviera limpio por las chicas de la limpieza.<\/li><li>Check-out: 11:00, a las 12 ya tiene que estar las llaves en recepci\u00f3n.<\/li><li>No se podr\u00e1n pasar las plazas autorizadas del estudio o bungalow, contando como plaza tanto si es adulto, ni\u00f1o o bebe.<\/li><li>Sal\u00f3n-comedor-cocina, nevera con congelador, menaje de cocina, algunos con sof\u00e1, TV, etc.\u2026<\/li><li>Ba\u00f1o completamente adaptado y agua caliente.<\/li><li>No se incluyen s\u00e1banas ni toallas\/mantas.<\/li><li>En algunos alojamientos se admiten perros, siempre debidamente atados y nunca sueltos.<\/li><li>Fianza en met\u00e1lico requerida a la llegada: 60\u20ac (Estudios) 100 \u20ac (Resto de alojamientos)<\/li><\/ul>\t\t\t\t\t\t\t\t<\/div>\n\t\t\t\t<\/div>\n\t\t\t\t\t<\/div>\n\t\t\t\t<\/div>\n\t\t<div class=\"elementor-element elementor-element-117da46 e-flex e-con-boxed wpr-parallax-no wpr-sticky-section-no e-con e-parent\" data-id=\"117da46\" data-element_type=\"container\" data-settings=\"{&quot;background_background&quot;:&quot;classic&quot;}\">\n\t\t\t\t\t<div class=\"e-con-inner\">\n\t\t<div class=\"elementor-element elementor-element-feff631 e-con-full e-flex wpr-particle-no wpr-jarallax-no wpr-parallax-no wpr-sticky-section-no e-con e-child\" data-id=\"feff631\" data-element_type=\"container\">\n\t\t\t\t<div class=\"elementor-element elementor-element-71f5853 elementor-widget__width-inherit elementor-widget elementor-widget-heading\" data-id=\"71f5853\" data-element_type=\"widget\" data-widget_type=\"heading.default\">\n\t\t\t\t\t<h3 class=\"elementor-heading-title elementor-size-default\">CONDICIONES DE LA RESERVA<\/h3>\t\t\t\t<\/div>\n\t\t\t\t<div class=\"elementor-element elementor-element-afbcfc4 elementor-widget-divider--view-line elementor-widget elementor-widget-divider\" data-id=\"afbcfc4\" data-element_type=\"widget\" data-widget_type=\"divider.default\">\n\t\t\t\t\t\t\t<div class=\"elementor-divider\">\n\t\t\t<span class=\"elementor-divider-separator\">\n\t\t\t\t\t\t<\/span>\n\t\t<\/div>\n\t\t\t\t\t\t<\/div>\n\t\t\t\t<div class=\"elementor-element elementor-element-5d3f3d0 elementor-widget elementor-widget-text-editor\" data-id=\"5d3f3d0\" data-element_type=\"widget\" data-widget_type=\"text-editor.default\">\n\t\t\t\t\t\t\t\t\t<ol><li>La reserva requiere el pago anticipado entre el\u00a0 50% de la estancia, por transferencia bancaria, tarjeta de cr\u00e9dito.<\/li><li>El Camping se reserva el derecho, por necesidades de planificaci\u00f3n, de sustituir la parcela o bungalow seleccionada\/o por una\/uno de similares caracter\u00edsticas y ubicada\/o con la mayor proximidad posible a la\/al seleccionada\/o.<\/li><\/ol>\t\t\t\t\t\t\t\t<\/div>\n\t\t\t\t<\/div>\n\t\t\t\t\t<\/div>\n\t\t\t\t<\/div>\n\t\t<div class=\"elementor-element elementor-element-af8dadc e-flex e-con-boxed wpr-parallax-no wpr-sticky-section-no e-con e-parent\" data-id=\"af8dadc\" data-element_type=\"container\" data-settings=\"{&quot;background_background&quot;:&quot;classic&quot;}\">\n\t\t\t\t\t<div class=\"e-con-inner\">\n\t\t<div class=\"elementor-element elementor-element-5e0cffe e-con-full e-flex wpr-particle-no wpr-jarallax-no wpr-parallax-no wpr-sticky-section-no e-con e-child\" data-id=\"5e0cffe\" data-element_type=\"container\">\n\t\t\t\t<div class=\"elementor-element elementor-element-117b5fc elementor-widget__width-inherit elementor-widget elementor-widget-heading\" data-id=\"117b5fc\" data-element_type=\"widget\" data-widget_type=\"heading.default\">\n\t\t\t\t\t<h3 class=\"elementor-heading-title elementor-size-default\">GASTOS DE MODIFICACI\u00d3N O CANCELACI\u00d3N DE RESERVA<\/h3>\t\t\t\t<\/div>\n\t\t\t\t<div class=\"elementor-element elementor-element-5d252a2 elementor-widget-divider--view-line elementor-widget elementor-widget-divider\" data-id=\"5d252a2\" data-element_type=\"widget\" data-widget_type=\"divider.default\">\n\t\t\t\t\t\t\t<div class=\"elementor-divider\">\n\t\t\t<span class=\"elementor-divider-separator\">\n\t\t\t\t\t\t<\/span>\n\t\t<\/div>\n\t\t\t\t\t\t<\/div>\n\t\t\t\t<div class=\"elementor-element elementor-element-e0dad95 elementor-widget elementor-widget-text-editor\" data-id=\"e0dad95\" data-element_type=\"widget\" data-widget_type=\"text-editor.default\">\n\t\t\t\t\t\t\t\t\t<p style=\"margin: 0cm; line-height: 21.0pt; vertical-align: baseline;\"><span style=\"font-size: 10.5pt; font-family: 'Open Sans',sans-serif; color: #515151;\">Se devolver\u00e1 el 40% de la cantidad entregada hasta 31 d\u00edas antes de la llegada, el 25% de la cantidad entregada entre 31 y 15 d\u00edas antes de la llegada, el 5% de la cantidad entregada entre 15 y 10 d\u00edas antes de la llegada y el 0 % de la cantidad entregada entre 10 y 0 d\u00edas antes de la llegada.<\/span><\/p><p>\u00a0<\/p><p style=\"margin: 0cm; text-align: justify; line-height: 21.0pt; vertical-align: baseline; box-sizing: border-box; font-variant: inherit; font-stretch: inherit; font-size-adjust: inherit; font-kerning: inherit; font-feature-settings: inherit;\"><span style=\"font-size: 10.5pt; font-family: 'Open Sans',sans-serif; color: #515151;\">Si el cliente no se hubiera presentado ni hubiera avisado en el d\u00eda previsto de llegada, se entender\u00e1 que la parcela o el bungalow queda a disposici\u00f3n del camping. Si se realiza alg\u00fan cambio de fechas los gastos de cancelaci\u00f3n corren a raz\u00f3n de la primera reserva realizada. Si en cualquier modificaci\u00f3n el importe total de la reserva es inferior a la cantidad entregada en la primera reserva no se devolver\u00e1 el dinero.<\/span><\/p>\t\t\t\t\t\t\t\t<\/div>\n\t\t\t\t<\/div>\n\t\t\t\t\t<\/div>\n\t\t\t\t<\/div>\n\t\t<div class=\"elementor-element elementor-element-a7a50d8 e-flex e-con-boxed wpr-parallax-no wpr-sticky-section-no e-con e-parent\" data-id=\"a7a50d8\" data-element_type=\"container\" data-settings=\"{&quot;background_background&quot;:&quot;classic&quot;}\">\n\t\t\t\t\t<div class=\"e-con-inner\">\n\t\t<div class=\"elementor-element elementor-element-a1a5e21 e-con-full e-flex wpr-particle-no wpr-jarallax-no wpr-parallax-no wpr-sticky-section-no e-con e-child\" data-id=\"a1a5e21\" data-element_type=\"container\">\n\t\t\t\t<div class=\"elementor-element elementor-element-46eeb68 elementor-widget__width-inherit elementor-widget elementor-widget-heading\" data-id=\"46eeb68\" data-element_type=\"widget\" data-widget_type=\"heading.default\">\n\t\t\t\t\t<h3 class=\"elementor-heading-title elementor-size-default\">CHECK-IN Y CHECK-OUT<\/h3>\t\t\t\t<\/div>\n\t\t\t\t<div class=\"elementor-element elementor-element-103093e elementor-widget-divider--view-line elementor-widget elementor-widget-divider\" data-id=\"103093e\" data-element_type=\"widget\" data-widget_type=\"divider.default\">\n\t\t\t\t\t\t\t<div class=\"elementor-divider\">\n\t\t\t<span class=\"elementor-divider-separator\">\n\t\t\t\t\t\t<\/span>\n\t\t<\/div>\n\t\t\t\t\t\t<\/div>\n\t\t\t\t<div class=\"elementor-element elementor-element-921eb38 elementor-widget elementor-widget-text-editor\" data-id=\"921eb38\" data-element_type=\"widget\" data-widget_type=\"text-editor.default\">\n\t\t\t\t\t\t\t\t\t<ol><li>Si su llegada va a ser posterior a las 21:00 horas deber\u00e1 avisarlo con antelaci\u00f3n por tel\u00e9fono o por email.<\/li><li>El cliente y todos sus acompa\u00f1antes mayores de 16 a\u00f1os deber\u00e1n traer el DNI (o carta de identidad de otro pa\u00eds), pasaporte, permiso de residencia o carn\u00e9 de conducir (\u00e9ste \u00faltimo s\u00f3lo si se tiene nacionalidad espa\u00f1ola).<\/li><li>Pago de los alojamientos (estudio, bungalow, apartamento, chalet): antes de recibir las llaves el cliente efectuar\u00e1 el pago anticipado de la estancia contratada e igualmente abonar\u00e1 una fianza en met\u00e1lico de 60\u20ac (estudios) y 100\u20ac (bungalow, apartamento, chalet), por alojamiento, para responder de la limpieza y conservaci\u00f3n u hurtos del bungalow.<\/li><li>Pago en caso de parcela: se podr\u00e1 pagar a lo largo de la estancia como norma general, sin embargo, se le podr\u00e1 requerir el pago por adelantado por necesidades de planificaci\u00f3n.<\/li><li>El d\u00eda de salida se devolver\u00e1n las fianzas entregadas si el bungalow se deja en las mismas condiciones en las que se entreg\u00f3 el d\u00eda de llegada.<\/li><li>El Camping se reserva el derecho, por necesidades de planificaci\u00f3n, de sustituir la parcela o bungalow seleccionada\/o por una\/uno de similares caracter\u00edsticas y ubicada\/o con la mayor proximidad posible a la\/al seleccionada\/o.<\/li><\/ol>\t\t\t\t\t\t\t\t<\/div>\n\t\t\t\t<\/div>\n\t\t\t\t\t<\/div>\n\t\t\t\t<\/div>\n\t\t<div class=\"elementor-element elementor-element-527d6da e-flex e-con-boxed wpr-parallax-no wpr-sticky-section-no e-con e-parent\" data-id=\"527d6da\" data-element_type=\"container\" data-settings=\"{&quot;background_background&quot;:&quot;classic&quot;}\">\n\t\t\t\t\t<div class=\"e-con-inner\">\n\t\t<div class=\"elementor-element elementor-element-f5ef2e1 e-con-full e-flex wpr-particle-no wpr-jarallax-no wpr-parallax-no wpr-sticky-section-no e-con e-child\" data-id=\"f5ef2e1\" data-element_type=\"container\">\n\t\t\t\t<div class=\"elementor-element elementor-element-c15396c elementor-widget__width-inherit elementor-widget elementor-widget-heading\" data-id=\"c15396c\" data-element_type=\"widget\" data-widget_type=\"heading.default\">\n\t\t\t\t\t<h3 class=\"elementor-heading-title elementor-size-default\">HORARIOS<\/h3>\t\t\t\t<\/div>\n\t\t\t\t<div class=\"elementor-element elementor-element-ec3697b elementor-widget-divider--view-line elementor-widget elementor-widget-divider\" data-id=\"ec3697b\" data-element_type=\"widget\" data-widget_type=\"divider.default\">\n\t\t\t\t\t\t\t<div class=\"elementor-divider\">\n\t\t\t<span class=\"elementor-divider-separator\">\n\t\t\t\t\t\t<\/span>\n\t\t<\/div>\n\t\t\t\t\t\t<\/div>\n\t\t\t\t<div class=\"elementor-element elementor-element-cd6b8bc elementor-widget elementor-widget-text-editor\" data-id=\"cd6b8bc\" data-element_type=\"widget\" data-widget_type=\"text-editor.default\">\n\t\t\t\t\t\t\t\t\t<ol><li>Horario de salida: 11:00 a las 12 ya tienen que estar las llaves en Recepci\u00f3n.<\/li><li>En temporada baja: El horario de entrada podr\u00e1 ser a partir de las 10:00 horas y la salida sobre las 18:00 horas, m\u00ednimo de estancia 2 noches para este horario, sujeto a disponibilidad y con previa consulta a la recepci\u00f3n.<\/li><li>En temporada baja: no se podr\u00e1 circular ni entrar ni salir del camping con el veh\u00edculo desde las 10.00 horas hasta las 8.00 horas, se podr\u00e1 retrasar con previo aviso en recepci\u00f3n, el horario de entrada al camping llamando al 962 888 188.<\/li><li>En temporada alta: no se podr\u00e1 circular ni entrar ni salir del camping con el veh\u00edculo desde las 00:00 horas hasta las 8:00 horas.<\/li><\/ol>\t\t\t\t\t\t\t\t<\/div>\n\t\t\t\t<\/div>\n\t\t\t\t\t<\/div>\n\t\t\t\t<\/div>\n\t\t<div class=\"elementor-element elementor-element-2a643e1 e-flex e-con-boxed wpr-parallax-no wpr-sticky-section-no e-con e-parent\" data-id=\"2a643e1\" data-element_type=\"container\" data-settings=\"{&quot;background_background&quot;:&quot;classic&quot;}\">\n\t\t\t\t\t<div class=\"e-con-inner\">\n\t\t<div class=\"elementor-element elementor-element-bb8eccf e-con-full e-flex wpr-particle-no wpr-jarallax-no wpr-parallax-no wpr-sticky-section-no e-con e-child\" data-id=\"bb8eccf\" data-element_type=\"container\">\n\t\t\t\t<div class=\"elementor-element elementor-element-c8c55ab elementor-widget__width-inherit elementor-widget elementor-widget-heading\" data-id=\"c8c55ab\" data-element_type=\"widget\" data-widget_type=\"heading.default\">\n\t\t\t\t\t<h3 class=\"elementor-heading-title elementor-size-default\">OTRAS NORMAS<\/h3>\t\t\t\t<\/div>\n\t\t\t\t<div class=\"elementor-element elementor-element-9f25edd elementor-widget-divider--view-line elementor-widget elementor-widget-divider\" data-id=\"9f25edd\" data-element_type=\"widget\" data-widget_type=\"divider.default\">\n\t\t\t\t\t\t\t<div class=\"elementor-divider\">\n\t\t\t<span class=\"elementor-divider-separator\">\n\t\t\t\t\t\t<\/span>\n\t\t<\/div>\n\t\t\t\t\t\t<\/div>\n\t\t\t\t<div class=\"elementor-element elementor-element-30c76cc elementor-widget elementor-widget-text-editor\" data-id=\"30c76cc\" data-element_type=\"widget\" data-widget_type=\"text-editor.default\">\n\t\t\t\t\t\t\t\t\t<ol><li>\u00a0<strong style=\"font-style: inherit;\">Visitas:<\/strong>\u00a0La entrada queda reservada a los acampados. La recepci\u00f3n deber\u00e1 autorizar previamente la entrada de familiares y amigos. El tiempo de visita estar\u00e1 limitado a una hora. Superado ese tiempo o el uso de cualquier servicio, implicar\u00e1 que el visitante tenga que pagar la visita.<\/li><li><strong style=\"font-style: inherit;\">Prestaciones:<\/strong>\u00a0En el bungalow no se incluyen s\u00e1banas ni toallas. Tampoco mantas.<\/li><li><strong style=\"font-style: inherit;\">Plazas:<\/strong>\u00a0No se podr\u00e1n sobrepasar las plazas autorizadas en cada contrato de parcela\/bungalow, cont\u00e1ndose como plaza tanto si es adulto, ni\u00f1o o beb\u00e9. Para el caso de las parcelas no se facturar\u00e1 a los menores de 2 a\u00f1os.<\/li><li><strong style=\"font-style: inherit;\">Perros:<\/strong>\u00a0Los propietarios evitar\u00e1n que sus animales molesten a otros vecinos con ladridos. Tambi\u00e9n si efect\u00faan sus necesidades dentro del recinto del camping, deber\u00e1n retirarlas. En el caso de quejas repetidas al respecto deber\u00e1n abandonar el camping.<\/li><li><strong style=\"font-style: inherit;\">Electricidad:<\/strong>\u00a0El consumo el\u00e9ctrico de los alojamientos en temporada baja, se abona aparte seg\u00fan consumo. .<\/li><li><strong style=\"font-style: inherit;\">Normas internas:<\/strong>\u00a0Los usuarios del bungalow o de la parcela se comprometen a seguir las normas de r\u00e9gimen interior del camping.<\/li><li><strong style=\"font-style: inherit;\">Uso de patinetes:\u00a0<\/strong>Queda prohibida la circulaci\u00f3n de todo veh\u00edculo de movilidad personal en cualquiera de sus modalidades: Patinete el\u00e9ctrico de dos ruedas, Monociclo el\u00e9ctrico, Segway, Hoverboard, Skateboard el\u00e9ctrico, y cualquier otro que se pueda encuadrar en la citada definici\u00f3n, con excepci\u00f3n de los veh\u00edculos para personas con movilidad reducida, en el interior de las instalaciones del camping. El incumplimiento de esta medida puede dar lugar a la expulsi\u00f3n del usuario de las instalaciones del camping.<\/li><\/ol>\t\t\t\t\t\t\t\t<\/div>\n\t\t\t\t<\/div>\n\t\t\t\t\t<\/div>\n\t\t\t\t<\/div>\n\t\t<div class=\"elementor-element elementor-element-58957de e-flex e-con-boxed wpr-particle-no wpr-jarallax-no wpr-parallax-no wpr-sticky-section-no e-con e-parent\" data-id=\"58957de\" data-element_type=\"container\">\n\t\t\t\t\t<div class=\"e-con-inner\">\n\t\t\t\t<div class=\"elementor-element elementor-element-194153e elementor-align-center elementor-widget elementor-widget-button\" data-id=\"194153e\" data-element_type=\"widget\" data-widget_type=\"button.default\">\n\t\t\t\t\t\t\t\t\t\t<a class=\"elementor-button elementor-button-link elementor-size-sm\" href=\"https:\/\/campingsanvicente.com\/disponibilidad\/\">\n\t\t\t\t\t\t<span class=\"elementor-button-content-wrapper\">\n\t\t\t\t\t\t<span class=\"elementor-button-icon\">\n\t\t\t\t<svg aria-hidden=\"true\" class=\"e-font-icon-svg e-fas-arrow-right\" viewBox=\"0 0 448 512\" xmlns=\"http:\/\/www.w3.org\/2000\/svg\"><path d=\"M190.5 66.9l22.2-22.2c9.4-9.4 24.6-9.4 33.9 0L441 239c9.4 9.4 9.4 24.6 0 33.9L246.6 467.3c-9.4 9.4-24.6 9.4-33.9 0l-22.2-22.2c-9.5-9.5-9.3-25 .4-34.3L311.4 296H24c-13.3 0-24-10.7-24-24v-32c0-13.3 10.7-24 24-24h287.4L190.9 101.2c-9.8-9.3-10-24.8-.4-34.3z\"><\/path><\/svg>\t\t\t<\/span>\n\t\t\t\t\t\t\t\t\t<span class=\"elementor-button-text\">Ver disponibilidad<\/span>\n\t\t\t\t\t<\/span>\n\t\t\t\t\t<\/a>\n\t\t\t\t\t\t\t\t<\/div>\n\t\t\t\t\t<\/div>\n\t\t\t\t<\/div>\n\t\t\t\t<\/div>\n\t\t","protected":false},"excerpt":{"rendered":"<p>ALOJAMIENTOS Check-in: 17:00 temporada alta, pudiendo entrar antes sin problema alguno si estuviera limpio por las chicas de la limpieza. Check-out: 11:00, a las 12 ya tiene que estar las llaves en recepci\u00f3n. No se podr\u00e1n pasar las plazas autorizadas del estudio o bungalow, contando como plaza tanto si es adulto, ni\u00f1o o bebe. Sal\u00f3n-comedor-cocina, nevera con congelador, menaje de cocina, algunos con sof\u00e1, TV, etc.\u2026 Ba\u00f1o completamente adaptado y agua caliente. No se incluyen s\u00e1banas ni toallas\/mantas. En algunos alojamientos se admiten perros, siempre debidamente atados y nunca sueltos. Fianza en met\u00e1lico requerida a la llegada: 60\u20ac (Estudios) 100 \u20ac (Resto de alojamientos) CONDICIONES DE LA RESERVA La reserva requiere el pago anticipado entre el\u00a0 50% de la estancia, por transferencia bancaria, tarjeta de cr\u00e9dito. El Camping se reserva el derecho, por necesidades de planificaci\u00f3n, de sustituir la parcela o bungalow seleccionada\/o por una\/uno de similares caracter\u00edsticas y ubicada\/o con la mayor proximidad posible a la\/al seleccionada\/o. GASTOS DE MODIFICACI\u00d3N O CANCELACI\u00d3N DE RESERVA Se devolver\u00e1 el 40% de la cantidad entregada hasta 31 d\u00edas antes de la llegada, el 25% de la cantidad entregada entre 31 y 15 d\u00edas antes de la llegada, el 5% de la cantidad entregada entre 15 y 10 d\u00edas antes de la llegada y el 0 % de la cantidad entregada entre 10 y 0 d\u00edas antes de la llegada. \u00a0 Si el cliente no se hubiera presentado ni hubiera avisado en el d\u00eda previsto de llegada, se entender\u00e1 que la parcela o el bungalow queda a disposici\u00f3n del camping. Si se realiza alg\u00fan cambio de fechas los gastos de cancelaci\u00f3n corren a raz\u00f3n de la primera reserva realizada. Si en cualquier modificaci\u00f3n el importe total de la reserva es inferior a la cantidad entregada en la primera reserva no se devolver\u00e1 el dinero. CHECK-IN Y CHECK-OUT Si su llegada va a ser posterior a las 21:00 horas deber\u00e1 avisarlo con antelaci\u00f3n por tel\u00e9fono o por email. El cliente y todos sus acompa\u00f1antes mayores de 16 a\u00f1os deber\u00e1n traer el DNI (o carta de identidad de otro pa\u00eds), pasaporte, permiso de residencia o carn\u00e9 de conducir (\u00e9ste \u00faltimo s\u00f3lo si se tiene nacionalidad espa\u00f1ola). Pago de los alojamientos (estudio, bungalow, apartamento, chalet): antes de recibir las llaves el cliente efectuar\u00e1 el pago anticipado de la estancia contratada e igualmente abonar\u00e1 una fianza en met\u00e1lico de 60\u20ac (estudios) y 100\u20ac (bungalow, apartamento, chalet), por alojamiento, para responder de la limpieza y conservaci\u00f3n u hurtos del bungalow. Pago en caso de parcela: se podr\u00e1 pagar a lo largo de la estancia como norma general, sin embargo, se le podr\u00e1 requerir el pago por adelantado por necesidades de planificaci\u00f3n. El d\u00eda de salida se devolver\u00e1n las fianzas entregadas si el bungalow se deja en las mismas condiciones en las que se entreg\u00f3 el d\u00eda de llegada. El Camping se reserva el derecho, por necesidades de planificaci\u00f3n, de sustituir la parcela o bungalow seleccionada\/o por una\/uno de similares caracter\u00edsticas y ubicada\/o con la mayor proximidad posible a la\/al seleccionada\/o. HORARIOS Horario de salida: 11:00 a las 12 ya tienen que estar las llaves en Recepci\u00f3n. En temporada baja: El horario de entrada podr\u00e1 ser a partir de las 10:00 horas y la salida sobre las 18:00 horas, m\u00ednimo de estancia 2 noches para este horario, sujeto a disponibilidad y con previa consulta a la recepci\u00f3n. En temporada baja: no se podr\u00e1 circular ni entrar ni salir del camping con el veh\u00edculo desde las 10.00 horas hasta las 8.00 horas, se podr\u00e1 retrasar con previo aviso en recepci\u00f3n, el horario de entrada al camping llamando al 962 888 188. En temporada alta: no se podr\u00e1 circular ni entrar ni salir del camping con el veh\u00edculo desde las 00:00 horas hasta las 8:00 horas. OTRAS NORMAS \u00a0Visitas:\u00a0La entrada queda reservada a los acampados. La recepci\u00f3n deber\u00e1 autorizar previamente la entrada de familiares y amigos. El tiempo de visita estar\u00e1 limitado a una hora. Superado ese tiempo o el uso de cualquier servicio, implicar\u00e1 que el visitante tenga que pagar la visita. Prestaciones:\u00a0En el bungalow no se incluyen s\u00e1banas ni toallas. Tampoco mantas. Plazas:\u00a0No se podr\u00e1n sobrepasar las plazas autorizadas en cada contrato de parcela\/bungalow, cont\u00e1ndose como plaza tanto si es adulto, ni\u00f1o o beb\u00e9. Para el caso de las parcelas no se facturar\u00e1 a los menores de 2 a\u00f1os. Perros:\u00a0Los propietarios evitar\u00e1n que sus animales molesten a otros vecinos con ladridos. Tambi\u00e9n si efect\u00faan sus necesidades dentro del recinto del camping, deber\u00e1n retirarlas. En el caso de quejas repetidas al respecto deber\u00e1n abandonar el camping. Electricidad:\u00a0El consumo el\u00e9ctrico de los alojamientos en temporada baja, se abona aparte seg\u00fan consumo. . Normas internas:\u00a0Los usuarios del bungalow o de la parcela se comprometen a seguir las normas de r\u00e9gimen interior del camping. Uso de patinetes:\u00a0Queda prohibida la circulaci\u00f3n de todo veh\u00edculo de movilidad personal en cualquiera de sus modalidades: Patinete el\u00e9ctrico de dos ruedas, Monociclo el\u00e9ctrico, Segway, Hoverboard, Skateboard el\u00e9ctrico, y cualquier otro que se pueda encuadrar en la citada definici\u00f3n, con excepci\u00f3n de los veh\u00edculos para personas con movilidad reducida, en el interior de las instalaciones del camping. El incumplimiento de esta medida puede dar lugar a la expulsi\u00f3n del usuario de las instalaciones del camping. Ver disponibilidad<\/p>\n","protected":false},"author":1,"featured_media":0,"parent":0,"menu_order":3,"comment_status":"closed","ping_status":"closed","template":"elementor_canvas","meta":{"footnotes":""},"class_list":["post-3359","page","type-page","status-publish","hentry"],"_links":{"self":[{"href":"https:\/\/campingsanvicente.com\/de\/wp-json\/wp\/v2\/pages\/3359","targetHints":{"allow":["GET"]}}],"collection":[{"href":"https:\/\/campingsanvicente.com\/de\/wp-json\/wp\/v2\/pages"}],"about":[{"href":"https:\/\/campingsanvicente.com\/de\/wp-json\/wp\/v2\/types\/page"}],"author":[{"embeddable":true,"href":"https:\/\/campingsanvicente.com\/de\/wp-json\/wp\/v2\/users\/1"}],"replies":[{"embeddable":true,"href":"https:\/\/campingsanvicente.com\/de\/wp-json\/wp\/v2\/comments?post=3359"}],"version-history":[{"count":7,"href":"https:\/\/campingsanvicente.com\/de\/wp-json\/wp\/v2\/pages\/3359\/revisions"}],"predecessor-version":[{"id":6003,"href":"https:\/\/campingsanvicente.com\/de\/wp-json\/wp\/v2\/pages\/3359\/revisions\/6003"}],"wp:attachment":[{"href":"https:\/\/campingsanvicente.com\/de\/wp-json\/wp\/v2\/media?parent=3359"}],"curies":[{"name":"wp","href":"https:\/\/api.w.org\/{rel}","templated":true}]}}