{"id":3343,"date":"2025-08-06T08:25:58","date_gmt":"2025-08-06T08:25:58","guid":{"rendered":"https:\/\/campingsanvicente.com\/casa-de-madera\/"},"modified":"2026-02-12T12:42:41","modified_gmt":"2026-02-12T12:42:41","slug":"casa-de-madera","status":"publish","type":"page","link":"https:\/\/campingsanvicente.com\/de\/casa-de-madera\/","title":{"rendered":"Holzhaus"},"content":{"rendered":"\t\t<div data-elementor-type=\"wp-page\" data-elementor-id=\"3343\" class=\"elementor elementor-3343 elementor-1631\" data-elementor-post-type=\"page\">\n\t\t\t\t<div class=\"elementor-element elementor-element-16422cf e-con-full e-flex wpr-particle-no wpr-jarallax-no wpr-parallax-no wpr-sticky-section-no e-con e-parent\" data-id=\"16422cf\" data-element_type=\"container\">\n\t\t\t\t<div class=\"elementor-element elementor-element-7330b35 elementor-widget elementor-widget-text-editor\" data-id=\"7330b35\" data-element_type=\"widget\" data-widget_type=\"text-editor.default\">\n\t\t\t\t\t\t\t\t\t\t\t<div data-elementor-type=\"section\" data-elementor-id=\"2722\" class=\"elementor elementor-2722\" data-elementor-post-type=\"elementor_library\">\n\t\t\t\t\t<section class=\"elementor-section elementor-top-section elementor-element elementor-element-46f5c90c elementor-section-height-min-height elementor-section-boxed elementor-section-height-default elementor-section-items-middle wpr-particle-no wpr-jarallax-no wpr-parallax-no wpr-sticky-section-no\" data-id=\"46f5c90c\" data-element_type=\"section\" data-settings=\"{&quot;background_background&quot;:&quot;classic&quot;}\">\n\t\t\t\t\t\t\t<div class=\"elementor-background-overlay\"><\/div>\n\t\t\t\t\t\t\t<div class=\"elementor-container elementor-column-gap-default\">\n\t\t\t\t\t<div class=\"elementor-column elementor-col-100 elementor-top-column elementor-element elementor-element-c5c0b8f\" data-id=\"c5c0b8f\" data-element_type=\"column\">\n\t\t\t<div class=\"elementor-widget-wrap elementor-element-populated\">\n\t\t\t\t\t\t\t<\/div>\n\t\t<\/div>\n\t\t\t\t\t<\/div>\n\t\t<\/section>\n\t\t\t\t<\/div>\n\t\t\t\t\t\t\t\t\t\t<\/div>\n\t\t\t\t<\/div>\n\t\t<div class=\"elementor-element elementor-element-79258f6 e-flex e-con-boxed wpr-parallax-no wpr-sticky-section-no e-con e-parent\" data-id=\"79258f6\" data-element_type=\"container\" data-settings=\"{&quot;background_background&quot;:&quot;classic&quot;}\">\n\t\t\t\t\t<div class=\"e-con-inner\">\n\t\t<div class=\"elementor-element elementor-element-44de07d e-con-full e-flex wpr-particle-no wpr-jarallax-no wpr-parallax-no wpr-sticky-section-no e-con e-child\" data-id=\"44de07d\" data-element_type=\"container\">\n\t\t\t\t<div class=\"elementor-element elementor-element-e9ec4db elementor-widget__width-inherit elementor-widget elementor-widget-heading\" data-id=\"e9ec4db\" data-element_type=\"widget\" data-widget_type=\"heading.default\">\n\t\t\t\t\t<h3 class=\"elementor-heading-title elementor-size-default\">\nDirekt am Strand\n<\/h3>\t\t\t\t<\/div>\n\t\t\t\t<div class=\"elementor-element elementor-element-fa699ed elementor-widget__width-inherit elementor-widget elementor-widget-heading\" data-id=\"fa699ed\" data-element_type=\"widget\" data-widget_type=\"heading.default\">\n\t\t\t\t\t<p class=\"elementor-heading-title elementor-size-default\">mit Meerblick<\/p>\t\t\t\t<\/div>\n\t\t\t\t<div class=\"elementor-element elementor-element-0111666 elementor-widget-divider--view-line elementor-widget elementor-widget-divider\" data-id=\"0111666\" data-element_type=\"widget\" data-widget_type=\"divider.default\">\n\t\t\t\t\t\t\t<div class=\"elementor-divider\">\n\t\t\t<span class=\"elementor-divider-separator\">\n\t\t\t\t\t\t<\/span>\n\t\t<\/div>\n\t\t\t\t\t\t<\/div>\n\t\t\t\t<div class=\"elementor-element elementor-element-015c720 elementor-widget elementor-widget-text-editor\" data-id=\"015c720\" data-element_type=\"widget\" data-widget_type=\"text-editor.default\">\n\t\t\t\t\t\t\t\t\t<p>Entdecken Sie unser Holzhaus direkt am Strand, ein weiterer komfortabler Wohnraum innerhalb des Campingplatzes San Vicente.<\/p><p>Diese Unterkunft hat eine Kapazit\u00e4t von 2\/4 Personen und besteht aus einem separaten Schlafzimmer, Wohn- \/ Esszimmer mit Schlafsofa. Es verf\u00fcgt \u00fcber eine voll ausgestattete K\u00fcche mit K\u00fchlschrank, Mikrowelle, Geschirr und allen notwendigen Utensilien, einem<br \/>Badezimmer, ein separates Esszimmer mit TV und eine Terrasse mit Tisch und St\u00fchlen.<\/p><p>Diese Unterkunft hat einen atemberaubenden Blick auf das Meer. Verbringen Sie eine fantastische Zeit im Casa de Madera. Beinhaltet keine Bettw\u00e4sche und Handt\u00fccher. Haustiere sind nicht erlaubt.<\/p>\t\t\t\t\t\t\t\t<\/div>\n\t\t\t\t<\/div>\n\t\t<div class=\"elementor-element elementor-element-34a8919 e-con-full e-flex wpr-particle-no wpr-jarallax-no wpr-parallax-no wpr-sticky-section-no e-con e-child\" data-id=\"34a8919\" data-element_type=\"container\">\n\t\t\t\t<div class=\"elementor-element elementor-element-a706fd0 e-transform elementor-widget elementor-widget-image-carousel\" data-id=\"a706fd0\" data-element_type=\"widget\" data-settings=\"{&quot;slides_to_show&quot;:&quot;1&quot;,&quot;navigation&quot;:&quot;none&quot;,&quot;autoplay_speed&quot;:2000,&quot;speed&quot;:1000,&quot;_transform_scale_effect_mobile&quot;:{&quot;unit&quot;:&quot;px&quot;,&quot;size&quot;:1.2,&quot;sizes&quot;:[]},&quot;autoplay&quot;:&quot;yes&quot;,&quot;pause_on_hover&quot;:&quot;yes&quot;,&quot;pause_on_interaction&quot;:&quot;yes&quot;,&quot;infinite&quot;:&quot;yes&quot;,&quot;effect&quot;:&quot;slide&quot;,&quot;_transform_scale_effect&quot;:{&quot;unit&quot;:&quot;px&quot;,&quot;size&quot;:&quot;&quot;,&quot;sizes&quot;:[]},&quot;_transform_scale_effect_tablet&quot;:{&quot;unit&quot;:&quot;px&quot;,&quot;size&quot;:&quot;&quot;,&quot;sizes&quot;:[]}}\" data-widget_type=\"image-carousel.default\">\n\t\t\t\t\t\t\t<div class=\"elementor-image-carousel-wrapper swiper\" role=\"region\" aria-roledescription=\"carousel\" aria-label=\"Carrusel de im\u00e1genes\" dir=\"ltr\">\n\t\t\t<div class=\"elementor-image-carousel swiper-wrapper\" aria-live=\"off\">\n\t\t\t\t\t\t\t\t<div class=\"swiper-slide\" role=\"group\" aria-roledescription=\"slide\" aria-label=\"1 von 5\"><a data-elementor-open-lightbox=\"yes\" data-elementor-lightbox-slideshow=\"a706fd0\" data-elementor-lightbox-title=\"IMG_9732-Mediano-1-800x600\" data-e-action-hash=\"#elementor-action%3Aaction%3Dlightbox%26settings%3DeyJpZCI6MzM0NywidXJsIjoiaHR0cHM6XC9cL2NhbXBpbmdzYW52aWNlbnRlLmNvbVwvd3AtY29udGVudFwvdXBsb2Fkc1wvMjAyNVwvMDhcL0lNR185NzMyLU1lZGlhbm8tMS04MDB4NjAwLTEuanBnIiwic2xpZGVzaG93IjoiYTcwNmZkMCJ9\" href=\"https:\/\/campingsanvicente.com\/wp-content\/uploads\/2025\/08\/IMG_9732-Mediano-1-800x600-1.jpg\"><figure class=\"swiper-slide-inner\"><img decoding=\"async\" class=\"swiper-slide-image\" src=\"https:\/\/campingsanvicente.com\/wp-content\/uploads\/2025\/08\/IMG_9732-Mediano-1-800x600-1.jpg\" alt=\"IMG_9732-Mediano-1-800x600\" \/><\/figure><\/a><\/div><div class=\"swiper-slide\" role=\"group\" aria-roledescription=\"slide\" aria-label=\"2 von 5\"><a data-elementor-open-lightbox=\"yes\" data-elementor-lightbox-slideshow=\"a706fd0\" data-elementor-lightbox-title=\"IMG_9295-HDR-800x600\" data-e-action-hash=\"#elementor-action%3Aaction%3Dlightbox%26settings%3DeyJpZCI6MzM0NSwidXJsIjoiaHR0cHM6XC9cL2NhbXBpbmdzYW52aWNlbnRlLmNvbVwvd3AtY29udGVudFwvdXBsb2Fkc1wvMjAyNVwvMDhcL0lNR185Mjk1LUhEUi04MDB4NjAwLTEuanBnIiwic2xpZGVzaG93IjoiYTcwNmZkMCJ9\" href=\"https:\/\/campingsanvicente.com\/wp-content\/uploads\/2025\/08\/IMG_9295-HDR-800x600-1.jpg\"><figure class=\"swiper-slide-inner\"><img decoding=\"async\" class=\"swiper-slide-image\" src=\"https:\/\/campingsanvicente.com\/wp-content\/uploads\/2025\/08\/IMG_9295-HDR-800x600-1.jpg\" alt=\"IMG_9295-HDR-800x600\" \/><\/figure><\/a><\/div><div class=\"swiper-slide\" role=\"group\" aria-roledescription=\"slide\" aria-label=\"3 von 5\"><a data-elementor-open-lightbox=\"yes\" data-elementor-lightbox-slideshow=\"a706fd0\" data-elementor-lightbox-title=\"IMG_9310-HDR-800x600\" data-e-action-hash=\"#elementor-action%3Aaction%3Dlightbox%26settings%3DeyJpZCI6MzM0NiwidXJsIjoiaHR0cHM6XC9cL2NhbXBpbmdzYW52aWNlbnRlLmNvbVwvd3AtY29udGVudFwvdXBsb2Fkc1wvMjAyNVwvMDhcL0lNR185MzEwLUhEUi04MDB4NjAwLTEuanBnIiwic2xpZGVzaG93IjoiYTcwNmZkMCJ9\" href=\"https:\/\/campingsanvicente.com\/wp-content\/uploads\/2025\/08\/IMG_9310-HDR-800x600-1.jpg\"><figure class=\"swiper-slide-inner\"><img decoding=\"async\" class=\"swiper-slide-image\" src=\"https:\/\/campingsanvicente.com\/wp-content\/uploads\/2025\/08\/IMG_9310-HDR-800x600-1.jpg\" alt=\"IMG_9310-HDR-800x600\" \/><\/figure><\/a><\/div><div class=\"swiper-slide\" role=\"group\" aria-roledescription=\"slide\" aria-label=\"4 von 5\"><a data-elementor-open-lightbox=\"yes\" data-elementor-lightbox-slideshow=\"a706fd0\" data-elementor-lightbox-title=\"IMG_9271-HDR-800x600\" data-e-action-hash=\"#elementor-action%3Aaction%3Dlightbox%26settings%3DeyJpZCI6MzM0OCwidXJsIjoiaHR0cHM6XC9cL2NhbXBpbmdzYW52aWNlbnRlLmNvbVwvd3AtY29udGVudFwvdXBsb2Fkc1wvMjAyNVwvMDhcL0lNR185MjcxLUhEUi04MDB4NjAwLTEuanBnIiwic2xpZGVzaG93IjoiYTcwNmZkMCJ9\" href=\"https:\/\/campingsanvicente.com\/wp-content\/uploads\/2025\/08\/IMG_9271-HDR-800x600-1.jpg\"><figure class=\"swiper-slide-inner\"><img decoding=\"async\" class=\"swiper-slide-image\" src=\"https:\/\/campingsanvicente.com\/wp-content\/uploads\/2025\/08\/IMG_9271-HDR-800x600-1.jpg\" alt=\"IMG_9271-HDR-800x600\" \/><\/figure><\/a><\/div><div class=\"swiper-slide\" role=\"group\" aria-roledescription=\"slide\" aria-label=\"5 von 5\"><a data-elementor-open-lightbox=\"yes\" data-elementor-lightbox-slideshow=\"a706fd0\" data-elementor-lightbox-title=\"IMG_9283-HDR-800x600\" data-e-action-hash=\"#elementor-action%3Aaction%3Dlightbox%26settings%3DeyJpZCI6MzM0NCwidXJsIjoiaHR0cHM6XC9cL2NhbXBpbmdzYW52aWNlbnRlLmNvbVwvd3AtY29udGVudFwvdXBsb2Fkc1wvMjAyNVwvMDhcL0lNR185MjgzLUhEUi04MDB4NjAwLTEuanBnIiwic2xpZGVzaG93IjoiYTcwNmZkMCJ9\" href=\"https:\/\/campingsanvicente.com\/wp-content\/uploads\/2025\/08\/IMG_9283-HDR-800x600-1.jpg\"><figure class=\"swiper-slide-inner\"><img decoding=\"async\" class=\"swiper-slide-image\" src=\"https:\/\/campingsanvicente.com\/wp-content\/uploads\/2025\/08\/IMG_9283-HDR-800x600-1.jpg\" alt=\"IMG_9283-HDR-800x600\" \/><\/figure><\/a><\/div>\t\t\t<\/div>\n\t\t\t\t\t\t\t\n\t\t\t\t\t\t\t\t\t<\/div>\n\t\t\t\t\t\t<\/div>\n\t\t\t\t<\/div>\n\t\t\t\t\t<\/div>\n\t\t\t\t<\/div>\n\t\t<div class=\"elementor-element elementor-element-ea37103 e-flex e-con-boxed wpr-parallax-no wpr-sticky-section-no e-con e-parent\" data-id=\"ea37103\" data-element_type=\"container\" data-settings=\"{&quot;background_background&quot;:&quot;classic&quot;}\">\n\t\t\t\t\t<div class=\"e-con-inner\">\n\t\t\t\t<div class=\"elementor-element elementor-element-18194ab elementor-widget elementor-widget-text-editor\" data-id=\"18194ab\" data-element_type=\"widget\" data-widget_type=\"text-editor.default\">\n\t\t\t\t\t\t\t\t\t<ul><li>Die Einfahrt von Fahrzeugen in den Campingplatz ist verboten; Fahrzeuge der Unterkunft werden auf dem kostenlosen Parkplatz vor dem Campingplatz abgestellt.<\/li><li>F\u00fcr die Reservierung ist eine Vorauszahlung von mindestens 50 % erforderlich. Wenn Sie m\u00f6chten, k\u00f6nnen Sie auch den gesamten Betrag im Voraus bezahlen.<\/li><li>Erforderliche Barkaution: Studios 60 \u20ac, Rest der Unterkunft 100 \u20ac. Die Kaution wird zur\u00fcckerstattet, wenn die Unterkunft in den gleichen Ordnungs- und Sauberkeitsbedingungen (frei von M\u00fcll und sauberen Haushaltsgegenst\u00e4nden) \u00fcbergeben wird.<\/li><li>Check-in: 17:00 Uhr Hochsaison, fr\u00fcherer Einlass m\u00f6glich, wenn die Reinigung durch das Reinigungspersonal erfolgt.<br \/>In der Neben-\/Mittelsaison k\u00f6nnen Sie von 12 bis 16 Uhr eintreten. (vorher telefonische R\u00fccksprache).<\/li><li>Check-out: 11:00 Uhr Hochsaison. Anschlie\u00dfend wird Ihre Unterkunft \u00fcberpr\u00fcft. Dabei ist zu ber\u00fccksichtigen, dass die \u00dcberpr\u00fcfung zwischen 5 und 10 Minuten dauern wird. Die Kaution wird zur\u00fcckerstattet, wenn die Unterkunft in der gleichen Reihenfolge und mit den gleichen<\/li><li>Sauberkeitsbedingungen \u00fcbergeben wird.<br \/>Maximalbelegung 2\/4 Personen (Erwachsener, Kind oder Baby)<br \/>Doppelbett 1,35 cm + Schlafsofa 1,35 cm.<\/li><li>Bettw\u00e4sche, Handt\u00fccher und Decken sind nicht im Preis inbegriffen.<\/li><li>Haustiere nicht erlaubt.<\/li><\/ul>\t\t\t\t\t\t\t\t<\/div>\n\t\t<div class=\"elementor-element elementor-element-313d59f e-con-full e-flex wpr-particle-no wpr-jarallax-no wpr-parallax-no wpr-sticky-section-no e-con e-child\" data-id=\"313d59f\" data-element_type=\"container\">\n\t\t\t\t<div class=\"elementor-element elementor-element-e454136 elementor-align-center elementor-widget elementor-widget-button\" data-id=\"e454136\" data-element_type=\"widget\" data-widget_type=\"button.default\">\n\t\t\t\t\t\t\t\t\t\t<a class=\"elementor-button elementor-button-link elementor-size-sm\" href=\"https:\/\/campingsanvicente.com\/condiciones-de-la-reserva\/\">\n\t\t\t\t\t\t<span class=\"elementor-button-content-wrapper\">\n\t\t\t\t\t\t<span class=\"elementor-button-icon\">\n\t\t\t\t<svg aria-hidden=\"true\" class=\"e-font-icon-svg e-fas-arrow-right\" viewBox=\"0 0 448 512\" xmlns=\"http:\/\/www.w3.org\/2000\/svg\"><path d=\"M190.5 66.9l22.2-22.2c9.4-9.4 24.6-9.4 33.9 0L441 239c9.4 9.4 9.4 24.6 0 33.9L246.6 467.3c-9.4 9.4-24.6 9.4-33.9 0l-22.2-22.2c-9.5-9.5-9.3-25 .4-34.3L311.4 296H24c-13.3 0-24-10.7-24-24v-32c0-13.3 10.7-24 24-24h287.4L190.9 101.2c-9.8-9.3-10-24.8-.4-34.3z\"><\/path><\/svg>\t\t\t<\/span>\n\t\t\t\t\t\t\t\t\t<span class=\"elementor-button-text\">BUCHUNGSBEDINGUNGEN<\/span>\n\t\t\t\t\t<\/span>\n\t\t\t\t\t<\/a>\n\t\t\t\t\t\t\t\t<\/div>\n\t\t\t\t<div class=\"elementor-element elementor-element-2d0c7b9 elementor-align-center elementor-widget elementor-widget-button\" data-id=\"2d0c7b9\" data-element_type=\"widget\" data-widget_type=\"button.default\">\n\t\t\t\t\t\t\t\t\t\t<a class=\"elementor-button elementor-button-link elementor-size-sm\" href=\"https:\/\/campingsanvicente.com\/faq\/\">\n\t\t\t\t\t\t<span class=\"elementor-button-content-wrapper\">\n\t\t\t\t\t\t<span class=\"elementor-button-icon\">\n\t\t\t\t<svg aria-hidden=\"true\" class=\"e-font-icon-svg e-fas-arrow-right\" viewBox=\"0 0 448 512\" xmlns=\"http:\/\/www.w3.org\/2000\/svg\"><path d=\"M190.5 66.9l22.2-22.2c9.4-9.4 24.6-9.4 33.9 0L441 239c9.4 9.4 9.4 24.6 0 33.9L246.6 467.3c-9.4 9.4-24.6 9.4-33.9 0l-22.2-22.2c-9.5-9.5-9.3-25 .4-34.3L311.4 296H24c-13.3 0-24-10.7-24-24v-32c0-13.3 10.7-24 24-24h287.4L190.9 101.2c-9.8-9.3-10-24.8-.4-34.3z\"><\/path><\/svg>\t\t\t<\/span>\n\t\t\t\t\t\t\t\t\t<span class=\"elementor-button-text\">FAQ<\/span>\n\t\t\t\t\t<\/span>\n\t\t\t\t\t<\/a>\n\t\t\t\t\t\t\t\t<\/div>\n\t\t\t\t<\/div>\n\t\t\t\t\t<\/div>\n\t\t\t\t<\/div>\n\t\t<div class=\"elementor-element elementor-element-5fabd64 e-flex e-con-boxed wpr-parallax-no wpr-sticky-section-no e-con e-parent\" data-id=\"5fabd64\" data-element_type=\"container\" data-settings=\"{&quot;background_background&quot;:&quot;classic&quot;}\">\n\t\t\t\t\t<div class=\"e-con-inner\">\n\t\t<div class=\"elementor-element elementor-element-a586679 e-con-full e-flex wpr-particle-no wpr-jarallax-no wpr-parallax-no wpr-sticky-section-no e-con e-child\" data-id=\"a586679\" data-element_type=\"container\">\n\t\t\t\t<div class=\"elementor-element elementor-element-2a0b16c elementor-widget-mobile__width-inherit elementor-widget elementor-widget-image\" data-id=\"2a0b16c\" data-element_type=\"widget\" data-widget_type=\"image.default\">\n\t\t\t\t\t\t\t\t\t\t\t\t\t\t\t\t<a href=\"https:\/\/campingsanvicente.com\/wp-content\/uploads\/2025\/08\/Mapa-Camping-cast-web-2.jpg\" data-elementor-open-lightbox=\"yes\" data-elementor-lightbox-title=\"Mapa-Camping-cast-web-2\" data-e-action-hash=\"#elementor-action%3Aaction%3Dlightbox%26settings%3DeyJpZCI6MzM1MSwidXJsIjoiaHR0cHM6XC9cL2NhbXBpbmdzYW52aWNlbnRlLmNvbVwvd3AtY29udGVudFwvdXBsb2Fkc1wvMjAyNVwvMDhcL01hcGEtQ2FtcGluZy1jYXN0LXdlYi0yLmpwZyJ9\">\n\t\t\t\t\t\t\t<img fetchpriority=\"high\" decoding=\"async\" width=\"1754\" height=\"1240\" src=\"https:\/\/campingsanvicente.com\/wp-content\/uploads\/2025\/08\/Mapa-Camping-cast-web-2.jpg\" class=\"attachment-full size-full wp-image-3351\" alt=\"\" srcset=\"https:\/\/campingsanvicente.com\/wp-content\/uploads\/2025\/08\/Mapa-Camping-cast-web-2.jpg 1754w, https:\/\/campingsanvicente.com\/wp-content\/uploads\/2025\/08\/Mapa-Camping-cast-web-2-300x212.jpg 300w, https:\/\/campingsanvicente.com\/wp-content\/uploads\/2025\/08\/Mapa-Camping-cast-web-2-1024x724.jpg 1024w, https:\/\/campingsanvicente.com\/wp-content\/uploads\/2025\/08\/Mapa-Camping-cast-web-2-768x543.jpg 768w, https:\/\/campingsanvicente.com\/wp-content\/uploads\/2025\/08\/Mapa-Camping-cast-web-2-1536x1086.jpg 1536w\" sizes=\"(max-width: 1754px) 100vw, 1754px\" \/>\t\t\t\t\t\t\t\t<\/a>\n\t\t\t\t\t\t\t\t\t\t\t\t\t\t\t<\/div>\n\t\t\t\t<\/div>\n\t\t\t\t\t<\/div>\n\t\t\t\t<\/div>\n\t\t\t\t<\/div>\n\t\t","protected":false},"excerpt":{"rendered":"<p>Direkt am Strand mit Meerblick Entdecken Sie unser Holzhaus direkt am Strand, ein weiterer komfortabler Wohnraum innerhalb des Campingplatzes San Vicente. Diese Unterkunft hat eine Kapazit\u00e4t von 2\/4 Personen und besteht aus einem separaten Schlafzimmer, Wohn- \/ Esszimmer mit Schlafsofa. Es verf\u00fcgt \u00fcber eine voll ausgestattete K\u00fcche mit K\u00fchlschrank, Mikrowelle, Geschirr und allen notwendigen Utensilien, einemBadezimmer, ein separates Esszimmer mit TV und eine Terrasse mit Tisch und St\u00fchlen. Diese Unterkunft hat einen atemberaubenden Blick auf das Meer. Verbringen Sie eine fantastische Zeit im Casa de Madera. Beinhaltet keine Bettw\u00e4sche und Handt\u00fccher. Haustiere sind nicht erlaubt. Die Einfahrt von Fahrzeugen in den Campingplatz ist verboten; Fahrzeuge der Unterkunft werden auf dem kostenlosen Parkplatz vor dem Campingplatz abgestellt. F\u00fcr die Reservierung ist eine Vorauszahlung von mindestens 50 % erforderlich. Wenn Sie m\u00f6chten, k\u00f6nnen Sie auch den gesamten Betrag im Voraus bezahlen. Erforderliche Barkaution: Studios 60 \u20ac, Rest der Unterkunft 100 \u20ac. Die Kaution wird zur\u00fcckerstattet, wenn die Unterkunft in den gleichen Ordnungs- und Sauberkeitsbedingungen (frei von M\u00fcll und sauberen Haushaltsgegenst\u00e4nden) \u00fcbergeben wird. Check-in: 17:00 Uhr Hochsaison, fr\u00fcherer Einlass m\u00f6glich, wenn die Reinigung durch das Reinigungspersonal erfolgt.In der Neben-\/Mittelsaison k\u00f6nnen Sie von 12 bis 16 Uhr eintreten. (vorher telefonische R\u00fccksprache). Check-out: 11:00 Uhr Hochsaison. Anschlie\u00dfend wird Ihre Unterkunft \u00fcberpr\u00fcft. Dabei ist zu ber\u00fccksichtigen, dass die \u00dcberpr\u00fcfung zwischen 5 und 10 Minuten dauern wird. Die Kaution wird zur\u00fcckerstattet, wenn die Unterkunft in der gleichen Reihenfolge und mit den gleichen Sauberkeitsbedingungen \u00fcbergeben wird.Maximalbelegung 2\/4 Personen (Erwachsener, Kind oder Baby)Doppelbett 1,35 cm + Schlafsofa 1,35 cm. Bettw\u00e4sche, Handt\u00fccher und Decken sind nicht im Preis inbegriffen. Haustiere nicht erlaubt. BUCHUNGSBEDINGUNGEN FAQ<\/p>\n","protected":false},"author":1,"featured_media":0,"parent":0,"menu_order":3,"comment_status":"closed","ping_status":"closed","template":"elementor_canvas","meta":{"footnotes":""},"class_list":["post-3343","page","type-page","status-publish","hentry"],"_links":{"self":[{"href":"https:\/\/campingsanvicente.com\/de\/wp-json\/wp\/v2\/pages\/3343","targetHints":{"allow":["GET"]}}],"collection":[{"href":"https:\/\/campingsanvicente.com\/de\/wp-json\/wp\/v2\/pages"}],"about":[{"href":"https:\/\/campingsanvicente.com\/de\/wp-json\/wp\/v2\/types\/page"}],"author":[{"embeddable":true,"href":"https:\/\/campingsanvicente.com\/de\/wp-json\/wp\/v2\/users\/1"}],"replies":[{"embeddable":true,"href":"https:\/\/campingsanvicente.com\/de\/wp-json\/wp\/v2\/comments?post=3343"}],"version-history":[{"count":63,"href":"https:\/\/campingsanvicente.com\/de\/wp-json\/wp\/v2\/pages\/3343\/revisions"}],"predecessor-version":[{"id":6690,"href":"https:\/\/campingsanvicente.com\/de\/wp-json\/wp\/v2\/pages\/3343\/revisions\/6690"}],"wp:attachment":[{"href":"https:\/\/campingsanvicente.com\/de\/wp-json\/wp\/v2\/media?parent=3343"}],"curies":[{"name":"wp","href":"https:\/\/api.w.org\/{rel}","templated":true}]}}