{"id":3341,"date":"2025-09-11T07:35:51","date_gmt":"2025-09-11T07:35:51","guid":{"rendered":"https:\/\/campingsanvicente.com\/aviso-de-proteccion-de-datos-de-caracter-personal\/"},"modified":"2025-12-02T11:19:40","modified_gmt":"2025-12-02T11:19:40","slug":"aviso-de-proteccion-de-datos-de-caracter-personal","status":"publish","type":"page","link":"https:\/\/campingsanvicente.com\/de\/aviso-de-proteccion-de-datos-de-caracter-personal\/","title":{"rendered":"Hinweis zum Schutz personenbezogener Daten"},"content":{"rendered":"\t\t<div data-elementor-type=\"wp-page\" data-elementor-id=\"3341\" class=\"elementor elementor-3341 elementor-2067\" data-elementor-post-type=\"page\">\n\t\t\t\t<div class=\"elementor-element elementor-element-30f19247 e-flex e-con-boxed wpr-particle-no wpr-jarallax-no wpr-parallax-no wpr-sticky-section-no e-con e-parent\" data-id=\"30f19247\" data-element_type=\"container\" data-settings=\"{&quot;background_background&quot;:&quot;classic&quot;}\">\n\t\t\t\t\t<div class=\"e-con-inner\">\n\t\t\t\t<div class=\"elementor-element elementor-element-8bda304 elementor-widget elementor-widget-heading\" data-id=\"8bda304\" data-element_type=\"widget\" data-widget_type=\"heading.default\">\n\t\t\t\t\t<h2 class=\"elementor-heading-title elementor-size-default\">Datenschutzerkl\u00e4rung<\/h2>\t\t\t\t<\/div>\n\t\t\t\t<div class=\"elementor-element elementor-element-ad210b7 elementor-widget elementor-widget-text-editor\" data-id=\"ad210b7\" data-element_type=\"widget\" data-widget_type=\"text-editor.default\">\n\t\t\t\t\t\t\t\t\t<p data-path-to-node=\"2\"><b>Aufgrund der Bestimmungen der Verordnung (EU) 2016\/679 des Europ\u00e4ischen Parlaments und des Rates vom 27. April 2016 zum Schutz nat\u00fcrlicher Personen bei der Verarbeitung personenbezogener Daten, des Organgesetzes 3\/2018 vom 5. Dezember zum Schutz personenbezogener Daten und zur Gew\u00e4hrleistung digitaler Rechte sowie des LSSI-CE 34\/2002 vom 11. Juli \u00fcber Dienste der Informationsgesellschaft und den elektronischen Gesch\u00e4ftsverkehr:<\/b><\/p>\n<p data-path-to-node=\"3\"><b>WIR INFORMIEREN SIE DAR\u00dcBER<\/b><\/p>\n<p data-path-to-node=\"4\">Dass Sie vor Unterzeichnung des Antrags die grundlegenden Informationen im Abschnitt \u00fcber den <b>&#8222;Schutz personenbezogener Daten&#8220;<\/b> lesen m\u00fcssen, der im rechtlichen Hinweis und in der Datenschutzerkl\u00e4rung dieser Website enthalten ist.<\/p>\n<p data-path-to-node=\"5,0,0\"><b>Verantwortlicher f\u00fcr die Verarbeitung:<\/b> Graf Mediterr\u00e1nea SL (Eigent\u00fcmer)<\/p>\n<p data-path-to-node=\"5,1,0\"><b>Zweck:<\/b> Bearbeitung der Anfrage, die Sie uns \u00fcber das Kontaktformular senden. Die Informationen zu Ihrer Anfrage werden Ihnen \u00fcber digitale Mittel wie E-Mail oder telefonisch zugesandt.<\/p>\n<p data-path-to-node=\"5,2,0\"><b>Rechtsgrundlage:<\/b> Durch Ankreuzen des K\u00e4stchens &#8222;Ich akzeptiere&#8220; im Formular legitimieren Sie uns, Ihre Daten in unserer Datei zu speichern und den Zweck zu verfolgen.<\/p>\n<p data-path-to-node=\"5,3,0\"><b>Empf\u00e4nger:<\/b> Ihre Daten werden an Dritte weitergegeben, um gesetzliche Verpflichtungen zu erf\u00fcllen, und, falls erforderlich, zur Erbringung der von Ihnen angeforderten Dienstleistungen an verbundene Unternehmen oder zugelassene Fachkr\u00e4fte weitergeleitet.<\/p>\n<p data-path-to-node=\"5,4,0\"><b>Rechte:<\/b> Sie werden dar\u00fcber informiert, dass Sie jederzeit Ihre Rechte auf Auskunft, Berichtigung, L\u00f6schung, Widerspruch, Einschr\u00e4nkung der Verarbeitung und Daten\u00fcbertragbarkeit Ihrer personenbezogenen Daten durch eine Anfrage \u00fcber das Kontaktformular aus\u00fcben k\u00f6nnen.<\/p>\n<p data-path-to-node=\"5,5,0\"><b>Kommerzielle und Werbemitteilungen:<\/b> Mit der Registrierung Ihrer Daten erm\u00e4chtigen Sie uns, Ihnen rechtliche, informative und werbliche Mitteilungen \u00fcber elektronische und\/oder herk\u00f6mmliche Mittel zuzusenden, wobei Sie diese jederzeit widerrufen k\u00f6nnen.<\/p>\n<p data-path-to-node=\"5,6,0\"><b>Zus\u00e4tzliche Informationen:<\/b> Sie k\u00f6nnen die zus\u00e4tzlichen und detaillierten Informationen zum rechtlichen Hinweis, Datenschutz und LSSI-CE einsehen, indem Sie den rechtlichen Hinweis und die Datenschutzerkl\u00e4rung dieser Website besuchen.<\/p>\n<p data-path-to-node=\"6\"><b>Ich erm\u00e4chtige ausdr\u00fccklich, dass mir Zufriedenheitsfrageb\u00f6gen oder Einladungen zur Abgabe von Kommentaren auf der Website des Eigent\u00fcmers zugesandt werden d\u00fcrfen.<\/b><\/p>\n<p data-path-to-node=\"7\"><b>Ich erm\u00e4chtige ausdr\u00fccklich, dass mir informative oder werbliche Newsletter oder verschiedene Mitteilungen \u00fcber physische oder elektronische Mittel zugesandt werden d\u00fcrfen. Sie haben das Recht, diese Genehmigung jederzeit zu widerrufen. In diesem Fall k\u00f6nnen Sie jedoch nicht von diesen Angeboten oder anderen Vorteilen profitieren.<\/b><\/p>\t\t\t\t\t\t\t\t<\/div>\n\t\t\t\t<div class=\"elementor-element elementor-element-5b8f2384 elementor-widget elementor-widget-text-editor\" data-id=\"5b8f2384\" data-element_type=\"widget\" data-widget_type=\"text-editor.default\">\n\t\t\t\t\t\t\t\t\t\n<h2 class=\"wp-block-heading\"><\/h2>\n\t\t\t\t\t\t\t\t<\/div>\n\t\t\t\t\t<\/div>\n\t\t\t\t<\/div>\n\t\t\t\t<\/div>\n\t\t","protected":false},"excerpt":{"rendered":"<p>Datenschutzerkl\u00e4rung Aufgrund der Bestimmungen der Verordnung (EU) 2016\/679 des Europ\u00e4ischen Parlaments und des Rates vom 27. April 2016 zum Schutz nat\u00fcrlicher Personen bei der Verarbeitung personenbezogener Daten, des Organgesetzes 3\/2018 vom 5. Dezember zum Schutz personenbezogener Daten und zur Gew\u00e4hrleistung digitaler Rechte sowie des LSSI-CE 34\/2002 vom 11. Juli \u00fcber Dienste der Informationsgesellschaft und den elektronischen Gesch\u00e4ftsverkehr: WIR INFORMIEREN SIE DAR\u00dcBER Dass Sie vor Unterzeichnung des Antrags die grundlegenden Informationen im Abschnitt \u00fcber den &#8222;Schutz personenbezogener Daten&#8220; lesen m\u00fcssen, der im rechtlichen Hinweis und in der Datenschutzerkl\u00e4rung dieser Website enthalten ist. Verantwortlicher f\u00fcr die Verarbeitung: Graf Mediterr\u00e1nea SL (Eigent\u00fcmer) Zweck: Bearbeitung der Anfrage, die Sie uns \u00fcber das Kontaktformular senden. Die Informationen zu Ihrer Anfrage werden Ihnen \u00fcber digitale Mittel wie E-Mail oder telefonisch zugesandt. Rechtsgrundlage: Durch Ankreuzen des K\u00e4stchens &#8222;Ich akzeptiere&#8220; im Formular legitimieren Sie uns, Ihre Daten in unserer Datei zu speichern und den Zweck zu verfolgen. Empf\u00e4nger: Ihre Daten werden an Dritte weitergegeben, um gesetzliche Verpflichtungen zu erf\u00fcllen, und, falls erforderlich, zur Erbringung der von Ihnen angeforderten Dienstleistungen an verbundene Unternehmen oder zugelassene Fachkr\u00e4fte weitergeleitet. Rechte: Sie werden dar\u00fcber informiert, dass Sie jederzeit Ihre Rechte auf Auskunft, Berichtigung, L\u00f6schung, Widerspruch, Einschr\u00e4nkung der Verarbeitung und Daten\u00fcbertragbarkeit Ihrer personenbezogenen Daten durch eine Anfrage \u00fcber das Kontaktformular aus\u00fcben k\u00f6nnen. Kommerzielle und Werbemitteilungen: Mit der Registrierung Ihrer Daten erm\u00e4chtigen Sie uns, Ihnen rechtliche, informative und werbliche Mitteilungen \u00fcber elektronische und\/oder herk\u00f6mmliche Mittel zuzusenden, wobei Sie diese jederzeit widerrufen k\u00f6nnen. Zus\u00e4tzliche Informationen: Sie k\u00f6nnen die zus\u00e4tzlichen und detaillierten Informationen zum rechtlichen Hinweis, Datenschutz und LSSI-CE einsehen, indem Sie den rechtlichen Hinweis und die Datenschutzerkl\u00e4rung dieser Website besuchen. Ich erm\u00e4chtige ausdr\u00fccklich, dass mir Zufriedenheitsfrageb\u00f6gen oder Einladungen zur Abgabe von Kommentaren auf der Website des Eigent\u00fcmers zugesandt werden d\u00fcrfen. Ich erm\u00e4chtige ausdr\u00fccklich, dass mir informative oder werbliche Newsletter oder verschiedene Mitteilungen \u00fcber physische oder elektronische Mittel zugesandt werden d\u00fcrfen. Sie haben das Recht, diese Genehmigung jederzeit zu widerrufen. In diesem Fall k\u00f6nnen Sie jedoch nicht von diesen Angeboten oder anderen Vorteilen profitieren.<\/p>\n","protected":false},"author":1,"featured_media":0,"parent":0,"menu_order":0,"comment_status":"closed","ping_status":"closed","template":"elementor_canvas","meta":{"footnotes":""},"class_list":["post-3341","page","type-page","status-publish","hentry"],"_links":{"self":[{"href":"https:\/\/campingsanvicente.com\/de\/wp-json\/wp\/v2\/pages\/3341","targetHints":{"allow":["GET"]}}],"collection":[{"href":"https:\/\/campingsanvicente.com\/de\/wp-json\/wp\/v2\/pages"}],"about":[{"href":"https:\/\/campingsanvicente.com\/de\/wp-json\/wp\/v2\/types\/page"}],"author":[{"embeddable":true,"href":"https:\/\/campingsanvicente.com\/de\/wp-json\/wp\/v2\/users\/1"}],"replies":[{"embeddable":true,"href":"https:\/\/campingsanvicente.com\/de\/wp-json\/wp\/v2\/comments?post=3341"}],"version-history":[{"count":4,"href":"https:\/\/campingsanvicente.com\/de\/wp-json\/wp\/v2\/pages\/3341\/revisions"}],"predecessor-version":[{"id":4576,"href":"https:\/\/campingsanvicente.com\/de\/wp-json\/wp\/v2\/pages\/3341\/revisions\/4576"}],"wp:attachment":[{"href":"https:\/\/campingsanvicente.com\/de\/wp-json\/wp\/v2\/media?parent=3341"}],"curies":[{"name":"wp","href":"https:\/\/api.w.org\/{rel}","templated":true}]}}